{"id":4021,"date":"2025-05-09T16:59:32","date_gmt":"2025-05-09T08:59:32","guid":{"rendered":"https:\/\/cciola-fashion.com\/product\/boys-windbreaker-jacket\/"},"modified":"2025-05-12T18:03:19","modified_gmt":"2025-05-12T10:03:19","slug":"chaqueta-cortavientos-para-nino","status":"publish","type":"product","link":"https:\/\/cciola-fashion.com\/es\/chaqueta-cortavientos-para-nino-html","title":{"rendered":"Chaqueta cortavientos para ni\u00f1o"},"content":{"rendered":"<p>Esta es una chaqueta informal para ni\u00f1o en primavera u oto\u00f1o, con dise\u00f1o con capucha, adecuada para el uso diario.<\/p>\n<p>La tela es poli\u00e9ster 100%, de color s\u00f3lido, de agradable calidad.<\/p>\n<p>Hay un forro de jersey en el interior para proporcionar calidez en los d\u00edas fr\u00edos.<\/p>\n<p>Hay una cremallera Vislon en el CF para cerrar, f\u00e1cil de poner y quitar.<\/p>\n<p>Hay una cinta el\u00e1stica en el dobladillo del cuerpo y en la abertura de la manga para ajustar, tambi\u00e9n es una buena opci\u00f3n para hacer deporte.<\/p>","protected":false},"excerpt":{"rendered":"<p>Esta es una chaqueta informal para ni\u00f1o en primavera u oto\u00f1o, con dise\u00f1o con capucha, adecuada para uso diario.<\/p>","protected":false},"featured_media":4074,"template":"","meta":[],"product_brand":[],"product_cat":[182],"product_tag":[253],"class_list":{"0":"post-4021","1":"product","2":"type-product","3":"status-publish","4":"has-post-thumbnail","6":"product_cat-boys-jacket","7":"product_tag-boys-windbreaker-jacket","9":"first","10":"instock","11":"shipping-taxable","12":"product-type-simple"},"_links":{"self":[{"href":"https:\/\/cciola-fashion.com\/es\/wp-json\/wp\/v2\/product\/4021","targetHints":{"allow":["GET"]}}],"collection":[{"href":"https:\/\/cciola-fashion.com\/es\/wp-json\/wp\/v2\/product"}],"about":[{"href":"https:\/\/cciola-fashion.com\/es\/wp-json\/wp\/v2\/types\/product"}],"version-history":[{"count":1,"href":"https:\/\/cciola-fashion.com\/es\/wp-json\/wp\/v2\/product\/4021\/revisions"}],"predecessor-version":[{"id":4075,"href":"https:\/\/cciola-fashion.com\/es\/wp-json\/wp\/v2\/product\/4021\/revisions\/4075"}],"wp:featuredmedia":[{"embeddable":true,"href":"https:\/\/cciola-fashion.com\/es\/wp-json\/wp\/v2\/media\/4074"}],"wp:attachment":[{"href":"https:\/\/cciola-fashion.com\/es\/wp-json\/wp\/v2\/media?parent=4021"}],"wp:term":[{"taxonomy":"product_brand","embeddable":true,"href":"https:\/\/cciola-fashion.com\/es\/wp-json\/wp\/v2\/product_brand?post=4021"},{"taxonomy":"product_cat","embeddable":true,"href":"https:\/\/cciola-fashion.com\/es\/wp-json\/wp\/v2\/product_cat?post=4021"},{"taxonomy":"product_tag","embeddable":true,"href":"https:\/\/cciola-fashion.com\/es\/wp-json\/wp\/v2\/product_tag?post=4021"}],"curies":[{"name":"wp","href":"https:\/\/api.w.org\/{rel}","templated":true}]}}