{"id":4020,"date":"2025-05-09T16:59:32","date_gmt":"2025-05-09T08:59:32","guid":{"rendered":"https:\/\/cciola-fashion.com\/product\/winter-plush-jacket-boys-fleece-manufacturer-kids-jacket\/"},"modified":"2025-05-12T18:21:48","modified_gmt":"2025-05-12T10:21:48","slug":"chaqueta-de-felpa-de-invierno-para-ninos-fabricante-de-forro-polar-chaqueta-para-ninos","status":"publish","type":"product","link":"https:\/\/cciola-fashion.com\/es\/chaqueta-de-felpa-de-invierno-para-ninos-fabricante-de-forro-polar-chaqueta-para-ninos-html","title":{"rendered":"Chaqueta de felpa de invierno para ni\u00f1os Fabricante de forro polar Chaqueta para ni\u00f1os"},"content":{"rendered":"<p>Cierre de cremallera CF vislon con banda el\u00e1stica en la cremallera, integrada en el escote; canal\u00e9 en las mangas, banda el\u00e1stica en el dobladillo inferior.<\/p>","protected":false},"excerpt":{"rendered":"<p>Esta prenda es una chaqueta con estampado de camuflaje, con verde y negro como colores principales, ingeniosamente integrada con elementos de camuflaje blanco y gris, lo que le da un aspecto din\u00e1mico y moderno. La chaqueta cuenta con una cremallera completa para pon\u00e9rsela y quit\u00e1rsela f\u00e1cilmente.<\/p>","protected":false},"featured_media":4076,"template":"","meta":[],"product_brand":[],"product_cat":[182],"product_tag":[252],"class_list":{"0":"post-4020","1":"product","2":"type-product","3":"status-publish","4":"has-post-thumbnail","6":"product_cat-boys-jacket","7":"product_tag-winter-plush-jacket-boys-fleece-manufacturer-kids-jacket","9":"first","10":"instock","11":"shipping-taxable","12":"product-type-simple"},"_links":{"self":[{"href":"https:\/\/cciola-fashion.com\/es\/wp-json\/wp\/v2\/product\/4020","targetHints":{"allow":["GET"]}}],"collection":[{"href":"https:\/\/cciola-fashion.com\/es\/wp-json\/wp\/v2\/product"}],"about":[{"href":"https:\/\/cciola-fashion.com\/es\/wp-json\/wp\/v2\/types\/product"}],"version-history":[{"count":1,"href":"https:\/\/cciola-fashion.com\/es\/wp-json\/wp\/v2\/product\/4020\/revisions"}],"predecessor-version":[{"id":4078,"href":"https:\/\/cciola-fashion.com\/es\/wp-json\/wp\/v2\/product\/4020\/revisions\/4078"}],"wp:featuredmedia":[{"embeddable":true,"href":"https:\/\/cciola-fashion.com\/es\/wp-json\/wp\/v2\/media\/4076"}],"wp:attachment":[{"href":"https:\/\/cciola-fashion.com\/es\/wp-json\/wp\/v2\/media?parent=4020"}],"wp:term":[{"taxonomy":"product_brand","embeddable":true,"href":"https:\/\/cciola-fashion.com\/es\/wp-json\/wp\/v2\/product_brand?post=4020"},{"taxonomy":"product_cat","embeddable":true,"href":"https:\/\/cciola-fashion.com\/es\/wp-json\/wp\/v2\/product_cat?post=4020"},{"taxonomy":"product_tag","embeddable":true,"href":"https:\/\/cciola-fashion.com\/es\/wp-json\/wp\/v2\/product_tag?post=4020"}],"curies":[{"name":"wp","href":"https:\/\/api.w.org\/{rel}","templated":true}]}}