{"id":4019,"date":"2025-05-09T16:59:32","date_gmt":"2025-05-09T08:59:32","guid":{"rendered":"https:\/\/cciola-fashion.com\/product\/boys-winter-parka-coat-manufacturer-puffer-jacket-with-hooded\/"},"modified":"2025-05-12T17:18:41","modified_gmt":"2025-05-12T09:18:41","slug":"chaqueta-acolchada-con-capucha-para-nino-parka-de-invierno-fabricante","status":"publish","type":"product","link":"https:\/\/cciola-fashion.com\/es\/parka-de-invierno-para-nino-chaqueta-acolchada-con-capucha","title":{"rendered":"Chaqueta acolchada con capucha para ni\u00f1o, de invierno, tipo parka."},"content":{"rendered":"<p>Impermeabilizaci\u00f3n: gracias a una membrana especial protege contra el agua hasta 1200 mm, reforzada adem\u00e1s por un revestimiento hidr\u00f3fobo WR que hace que el agua se escurra del material.<br \/>\nCortavientos: protecci\u00f3n contra el viento proporcionada por la membrana y la capucha de la chaqueta.<br \/>\nTranspirabilidad: la membrana libera el exceso de calor al exterior, reduciendo la sudoraci\u00f3n y manteniendo el confort t\u00e9rmico.<br \/>\nFuncionalidad: capucha, bolsillos, cierre de cremallera, protecci\u00f3n del borde superior de la cremallera.<br \/>\nDise\u00f1o de cremallera Vislon 5# en el bolsillo del pecho izquierdo y CF; cierre de botones a presi\u00f3n en la solapa del bolsillo del dobladillo de la chaqueta; etiqueta de manga de cuero acolchado en la manga izquierda; pu\u00f1os acanalados; dise\u00f1o de cord\u00f3n el\u00e1stico en el dobladillo inferior, fijado con un sujetacord\u00f3n; tira de piel sint\u00e9tica desmontable en la capucha, fijada con botones transparentes de dos ojales<\/p>","protected":false},"excerpt":{"rendered":"<p>Fabricamos esta chaqueta de tela de alta calidad. Cantidad m\u00ednima de pedido: 500 unidades. Ofrecemos servicio OEM.<\/p>","protected":false},"featured_media":4042,"template":"","meta":[],"product_brand":[],"product_cat":[181],"product_tag":[250],"class_list":{"0":"post-4019","1":"product","2":"type-product","3":"status-publish","4":"has-post-thumbnail","6":"product_cat-boys-padded-jacket","7":"product_tag-boys-winter-parka-coat-manufacturer-puffer-jacket-with-hooded","9":"first","10":"instock","11":"shipping-taxable","12":"product-type-simple"},"_links":{"self":[{"href":"https:\/\/cciola-fashion.com\/es\/wp-json\/wp\/v2\/product\/4019","targetHints":{"allow":["GET"]}}],"collection":[{"href":"https:\/\/cciola-fashion.com\/es\/wp-json\/wp\/v2\/product"}],"about":[{"href":"https:\/\/cciola-fashion.com\/es\/wp-json\/wp\/v2\/types\/product"}],"version-history":[{"count":1,"href":"https:\/\/cciola-fashion.com\/es\/wp-json\/wp\/v2\/product\/4019\/revisions"}],"predecessor-version":[{"id":4073,"href":"https:\/\/cciola-fashion.com\/es\/wp-json\/wp\/v2\/product\/4019\/revisions\/4073"}],"wp:featuredmedia":[{"embeddable":true,"href":"https:\/\/cciola-fashion.com\/es\/wp-json\/wp\/v2\/media\/4042"}],"wp:attachment":[{"href":"https:\/\/cciola-fashion.com\/es\/wp-json\/wp\/v2\/media?parent=4019"}],"wp:term":[{"taxonomy":"product_brand","embeddable":true,"href":"https:\/\/cciola-fashion.com\/es\/wp-json\/wp\/v2\/product_brand?post=4019"},{"taxonomy":"product_cat","embeddable":true,"href":"https:\/\/cciola-fashion.com\/es\/wp-json\/wp\/v2\/product_cat?post=4019"},{"taxonomy":"product_tag","embeddable":true,"href":"https:\/\/cciola-fashion.com\/es\/wp-json\/wp\/v2\/product_tag?post=4019"}],"curies":[{"name":"wp","href":"https:\/\/api.w.org\/{rel}","templated":true}]}}