{"id":4018,"date":"2025-05-09T16:59:32","date_gmt":"2025-05-09T08:59:32","guid":{"rendered":"https:\/\/cciola-fashion.com\/product\/boys-reversible-jacket-b2b-oem-manufacturers-jacket-with-hood\/"},"modified":"2025-05-12T16:34:06","modified_gmt":"2025-05-12T08:34:06","slug":"chaqueta-reversible-para-nino-fabricante-b2b-oem-con-capucha","status":"publish","type":"product","link":"https:\/\/cciola-fashion.com\/es\/chaqueta-reversible-para-nino-fabricante-b2b-oem-con-capucha-2","title":{"rendered":"Fabricantes OEM de chaquetas reversibles para ni\u00f1os"},"content":{"rendered":"<p>Cinta el\u00e1stica en cuello, pu\u00f1os y dobladillo; Los bolsillos laterales tienen cierres de cremallera de nailon y tiradores de metal con letras de goma; El tirador central delantero es un tirador inverso.<\/p>","protected":false},"excerpt":{"rendered":"<p>La chaqueta tiene un estampado de camuflaje en un lado y un color liso en el otro. Est\u00e1 acolchada por ambos lados para mayor calidez. El tejido es resistente al viento y apto para el invierno. Usarla por ambos lados te ofrece una experiencia de vestir diferente.<\/p>","protected":false},"featured_media":4052,"template":"","meta":[],"product_brand":[],"product_cat":[181],"product_tag":[249],"class_list":{"0":"post-4018","1":"product","2":"type-product","3":"status-publish","4":"has-post-thumbnail","6":"product_cat-boys-padded-jacket","7":"product_tag-boys-reversible-jacket-b2b-oem-manufacturers-jacket-with-hood","9":"first","10":"instock","11":"shipping-taxable","12":"product-type-simple"},"_links":{"self":[{"href":"https:\/\/cciola-fashion.com\/es\/wp-json\/wp\/v2\/product\/4018","targetHints":{"allow":["GET"]}}],"collection":[{"href":"https:\/\/cciola-fashion.com\/es\/wp-json\/wp\/v2\/product"}],"about":[{"href":"https:\/\/cciola-fashion.com\/es\/wp-json\/wp\/v2\/types\/product"}],"version-history":[{"count":1,"href":"https:\/\/cciola-fashion.com\/es\/wp-json\/wp\/v2\/product\/4018\/revisions"}],"predecessor-version":[{"id":4055,"href":"https:\/\/cciola-fashion.com\/es\/wp-json\/wp\/v2\/product\/4018\/revisions\/4055"}],"wp:featuredmedia":[{"embeddable":true,"href":"https:\/\/cciola-fashion.com\/es\/wp-json\/wp\/v2\/media\/4052"}],"wp:attachment":[{"href":"https:\/\/cciola-fashion.com\/es\/wp-json\/wp\/v2\/media?parent=4018"}],"wp:term":[{"taxonomy":"product_brand","embeddable":true,"href":"https:\/\/cciola-fashion.com\/es\/wp-json\/wp\/v2\/product_brand?post=4018"},{"taxonomy":"product_cat","embeddable":true,"href":"https:\/\/cciola-fashion.com\/es\/wp-json\/wp\/v2\/product_cat?post=4018"},{"taxonomy":"product_tag","embeddable":true,"href":"https:\/\/cciola-fashion.com\/es\/wp-json\/wp\/v2\/product_tag?post=4018"}],"curies":[{"name":"wp","href":"https:\/\/api.w.org\/{rel}","templated":true}]}}