{"id":4017,"date":"2025-05-09T16:59:32","date_gmt":"2025-05-09T08:59:32","guid":{"rendered":"https:\/\/cciola-fashion.com\/product\/boys-parka-jacket-with-faux-fur-manufacturers-padded-jacket\/"},"modified":"2025-05-12T16:57:24","modified_gmt":"2025-05-12T08:57:24","slug":"chaqueta-parka-para-nino-con-piel-sintetica-chaqueta-acolchada-del-fabricante","status":"publish","type":"product","link":"https:\/\/cciola-fashion.com\/es\/chaqueta-parka-para-nino-con-piel-sintetica-chaqueta-acolchada","title":{"rendered":"Chaqueta parka para ni\u00f1o con piel sint\u00e9tica"},"content":{"rendered":"<p>Hay dos bolsillos funcionales en el pecho y en ambos lados del dobladillo de la chaqueta; la cremallera del bolsillo del pecho izquierdo tiene un dise\u00f1o de color brillante, lo que hace que la chaqueta sea m\u00e1s llamativa; el velcro en los pu\u00f1os puede ajustar el tama\u00f1o de los pu\u00f1os; el dobladillo tiene cintas el\u00e1sticas incorporadas para ajustar el estilo.<\/p>","protected":false},"excerpt":{"rendered":"<p>Esta chaqueta infantil es elegante y pr\u00e1ctica, ideal para el fr\u00edo. Su cuerpo principal es de un gris tranquilo, con una ingeniosa integraci\u00f3n de verde y naranja que le aporta vitalidad y dinamismo. El dise\u00f1o del cuello de piel sint\u00e9tica no solo es ecol\u00f3gico, sino que tambi\u00e9n proporciona una excelente calidez, garantizando que los ni\u00f1os se mantengan abrigados y c\u00f3modos incluso en el fr\u00edo invierno.<\/p>","protected":false},"featured_media":4057,"template":"","meta":[],"product_brand":[],"product_cat":[181],"product_tag":[248,255],"class_list":{"0":"post-4017","1":"product","2":"type-product","3":"status-publish","4":"has-post-thumbnail","6":"product_cat-boys-padded-jacket","7":"product_tag-boys-parka-jacket-with-faux-fur-manufacturers-padded-jacket","8":"product_tag-baby-boys-one-piece-suit-with-detachable-hood-manufacturers-wholesalers","10":"first","11":"instock","12":"shipping-taxable","13":"product-type-simple"},"_links":{"self":[{"href":"https:\/\/cciola-fashion.com\/es\/wp-json\/wp\/v2\/product\/4017","targetHints":{"allow":["GET"]}}],"collection":[{"href":"https:\/\/cciola-fashion.com\/es\/wp-json\/wp\/v2\/product"}],"about":[{"href":"https:\/\/cciola-fashion.com\/es\/wp-json\/wp\/v2\/types\/product"}],"version-history":[{"count":2,"href":"https:\/\/cciola-fashion.com\/es\/wp-json\/wp\/v2\/product\/4017\/revisions"}],"predecessor-version":[{"id":4059,"href":"https:\/\/cciola-fashion.com\/es\/wp-json\/wp\/v2\/product\/4017\/revisions\/4059"}],"wp:featuredmedia":[{"embeddable":true,"href":"https:\/\/cciola-fashion.com\/es\/wp-json\/wp\/v2\/media\/4057"}],"wp:attachment":[{"href":"https:\/\/cciola-fashion.com\/es\/wp-json\/wp\/v2\/media?parent=4017"}],"wp:term":[{"taxonomy":"product_brand","embeddable":true,"href":"https:\/\/cciola-fashion.com\/es\/wp-json\/wp\/v2\/product_brand?post=4017"},{"taxonomy":"product_cat","embeddable":true,"href":"https:\/\/cciola-fashion.com\/es\/wp-json\/wp\/v2\/product_cat?post=4017"},{"taxonomy":"product_tag","embeddable":true,"href":"https:\/\/cciola-fashion.com\/es\/wp-json\/wp\/v2\/product_tag?post=4017"}],"curies":[{"name":"wp","href":"https:\/\/api.w.org\/{rel}","templated":true}]}}