{"id":4016,"date":"2025-05-09T16:59:31","date_gmt":"2025-05-09T08:59:31","guid":{"rendered":"https:\/\/cciola-fashion.com\/product\/boys-colorblock-padded-jacket-with-hood-manufacturers\/"},"modified":"2025-05-12T18:35:37","modified_gmt":"2025-05-12T10:35:37","slug":"fabricantes-de-chaquetas-acolchadas-con-capucha-y-bloques-de-color-para-ninos","status":"publish","type":"product","link":"https:\/\/cciola-fashion.com\/es\/chaqueta-acolchada-con-capucha-y-diseno-de-bloques-de-color-para-ninos-fabricantes-html","title":{"rendered":"Chaqueta acolchada con capucha y dise\u00f1o de bloques de color para ni\u00f1o. Fabricantes."},"content":{"rendered":"<p>Presenta impresi\u00f3n tipogr\u00e1fica; cinta de punto tipogr\u00e1fica en las mangas; cremallera inversa en el centro del pecho; cintas el\u00e1sticas en el forro de pu\u00f1os y dobladillo.<\/p>","protected":false},"excerpt":{"rendered":"<p>Esta es una chaqueta de parches en rojo, negro y blanco dise\u00f1ada espec\u00edficamente para ni\u00f1os, muy adecuada para que los ni\u00f1os la usen en la vida diaria; est\u00e1 rellena de algod\u00f3n en el interior, muy c\u00e1lida; usarla puede mostrar la personalidad de los ni\u00f1os.<\/p>","protected":false},"featured_media":4082,"template":"","meta":[],"product_brand":[],"product_cat":[181],"product_tag":[247],"class_list":{"0":"post-4016","1":"product","2":"type-product","3":"status-publish","4":"has-post-thumbnail","6":"product_cat-boys-padded-jacket","7":"product_tag-boys-colorblock-padded-jacket-with-hood-manufacturers","9":"first","10":"instock","11":"shipping-taxable","12":"product-type-simple"},"_links":{"self":[{"href":"https:\/\/cciola-fashion.com\/es\/wp-json\/wp\/v2\/product\/4016","targetHints":{"allow":["GET"]}}],"collection":[{"href":"https:\/\/cciola-fashion.com\/es\/wp-json\/wp\/v2\/product"}],"about":[{"href":"https:\/\/cciola-fashion.com\/es\/wp-json\/wp\/v2\/types\/product"}],"version-history":[{"count":1,"href":"https:\/\/cciola-fashion.com\/es\/wp-json\/wp\/v2\/product\/4016\/revisions"}],"predecessor-version":[{"id":4084,"href":"https:\/\/cciola-fashion.com\/es\/wp-json\/wp\/v2\/product\/4016\/revisions\/4084"}],"wp:featuredmedia":[{"embeddable":true,"href":"https:\/\/cciola-fashion.com\/es\/wp-json\/wp\/v2\/media\/4082"}],"wp:attachment":[{"href":"https:\/\/cciola-fashion.com\/es\/wp-json\/wp\/v2\/media?parent=4016"}],"wp:term":[{"taxonomy":"product_brand","embeddable":true,"href":"https:\/\/cciola-fashion.com\/es\/wp-json\/wp\/v2\/product_brand?post=4016"},{"taxonomy":"product_cat","embeddable":true,"href":"https:\/\/cciola-fashion.com\/es\/wp-json\/wp\/v2\/product_cat?post=4016"},{"taxonomy":"product_tag","embeddable":true,"href":"https:\/\/cciola-fashion.com\/es\/wp-json\/wp\/v2\/product_tag?post=4016"}],"curies":[{"name":"wp","href":"https:\/\/api.w.org\/{rel}","templated":true}]}}