{"id":4015,"date":"2025-05-09T16:59:31","date_gmt":"2025-05-09T08:59:31","guid":{"rendered":"https:\/\/cciola-fashion.com\/product\/baby-girls-warm-hooded-snowsuit-zipper-puffer-jumpsuit-padded-onesie-coat\/"},"modified":"2025-05-12T18:38:29","modified_gmt":"2025-05-12T10:38:29","slug":"traje-de-nieve-calido-con-capucha-y-cremallera-para-ninas-mono-acolchado-y-abrigo-tipo-mono","status":"publish","type":"product","link":"https:\/\/cciola-fashion.com\/es\/traje-de-nieve-calido-con-capucha-y-cremallera-para-ninas-mono-acolchado-y-abrigo","title":{"rendered":"Traje de nieve c\u00e1lido con capucha y cremallera para ni\u00f1as peque\u00f1as, mono acolchado, abrigo tipo mono"},"content":{"rendered":"<p>1. Esta chaqueta de esqu\u00ed para beb\u00e9 es una prenda muy bonita y pr\u00e1ctica, dise\u00f1ada para beb\u00e9s que buscan calidez y mimos. Su color principal es un rosa suave, lo que le da un tacto c\u00e1lido y dulce, perfecto para la delicada piel de tu peque\u00f1o.<br \/>\nEl vestido est\u00e1 cuidadosamente bordado o impreso con peque\u00f1os y delicados patrones de flores, que no solo se suman a la est\u00e9tica visual general, sino que tambi\u00e9n hacen que todo el vestido sea m\u00e1s v\u00edvido e interesante.<br \/>\n2. Dise\u00f1ado con mangas largas, este mono es ideal para el invierno y protege eficazmente los brazos de tu beb\u00e9 del fr\u00edo. Adem\u00e1s, cuenta con una capucha ajustable que no solo protege del viento y abriga al salir, sino que tambi\u00e9n se ajusta con flexibilidad seg\u00fan las necesidades del beb\u00e9, lo que resulta pr\u00e1ctico y pr\u00e1ctico.<br \/>\n3. La solapa frontal cuenta con una cremallera que facilita a los padres poner y quitar la ropa del beb\u00e9 y protege su delicada piel de la fricci\u00f3n. La cremallera es suave y f\u00e1cil de usar.<br \/>\n4. Las secciones de cintura y tobillo est\u00e1n dise\u00f1adas con dispositivos ajustables, como cinturones o bandas el\u00e1sticas, que se pueden ajustar de manera flexible seg\u00fan la forma del cuerpo del beb\u00e9 para garantizar que la ropa se ajuste c\u00f3modamente y tambi\u00e9n evitar la incomodidad causada por ropa demasiado ajustada o suelta para el beb\u00e9.<\/p>","protected":false},"excerpt":{"rendered":"<p>Tama\u00f1o: personalizado Color: AOP Tela: poli\u00e9ster Ajuste: regular MOQ: 500 piezas<\/p>","protected":false},"featured_media":4085,"template":"","meta":[],"product_brand":[],"product_cat":[241],"product_tag":[244],"class_list":{"0":"post-4015","1":"product","2":"type-product","3":"status-publish","4":"has-post-thumbnail","6":"product_cat-grls-suit","7":"product_tag-baby-girls-warm-hooded-snowsuit-zipper-puffer-jumpsuit-padded-onesie-coat","9":"first","10":"instock","11":"shipping-taxable","12":"product-type-simple"},"_links":{"self":[{"href":"https:\/\/cciola-fashion.com\/es\/wp-json\/wp\/v2\/product\/4015","targetHints":{"allow":["GET"]}}],"collection":[{"href":"https:\/\/cciola-fashion.com\/es\/wp-json\/wp\/v2\/product"}],"about":[{"href":"https:\/\/cciola-fashion.com\/es\/wp-json\/wp\/v2\/types\/product"}],"version-history":[{"count":1,"href":"https:\/\/cciola-fashion.com\/es\/wp-json\/wp\/v2\/product\/4015\/revisions"}],"predecessor-version":[{"id":4088,"href":"https:\/\/cciola-fashion.com\/es\/wp-json\/wp\/v2\/product\/4015\/revisions\/4088"}],"wp:featuredmedia":[{"embeddable":true,"href":"https:\/\/cciola-fashion.com\/es\/wp-json\/wp\/v2\/media\/4085"}],"wp:attachment":[{"href":"https:\/\/cciola-fashion.com\/es\/wp-json\/wp\/v2\/media?parent=4015"}],"wp:term":[{"taxonomy":"product_brand","embeddable":true,"href":"https:\/\/cciola-fashion.com\/es\/wp-json\/wp\/v2\/product_brand?post=4015"},{"taxonomy":"product_cat","embeddable":true,"href":"https:\/\/cciola-fashion.com\/es\/wp-json\/wp\/v2\/product_cat?post=4015"},{"taxonomy":"product_tag","embeddable":true,"href":"https:\/\/cciola-fashion.com\/es\/wp-json\/wp\/v2\/product_tag?post=4015"}],"curies":[{"name":"wp","href":"https:\/\/api.w.org\/{rel}","templated":true}]}}