{"id":4014,"date":"2025-05-09T16:59:31","date_gmt":"2025-05-09T08:59:31","guid":{"rendered":"https:\/\/cciola-fashion.com\/product\/kid-girls-ski-jacket-manufacturers-children-ski-suit-suppliers\/"},"modified":"2025-05-23T18:18:52","modified_gmt":"2025-05-23T10:18:52","slug":"fabricantes-de-chaquetas-de-esqui-para-ninas-y-ninos-proveedores-de-trajes-de-esqui-para-ninos","status":"publish","type":"product","link":"https:\/\/cciola-fashion.com\/es\/fabricantes-de-chaquetas-de-esqui-para-ninas-y-proveedores-de-trajes-de-esqui-para-ninos","title":{"rendered":"Fabricantes de chaquetas de esqu\u00ed para ni\u00f1as y proveedores de trajes de esqu\u00ed para ni\u00f1os"},"content":{"rendered":"<p>Los bolsillos centrales delanteros y laterales de la chaqueta y los bolsillos del pantal\u00f3n utilizan un dise\u00f1o de cremallera impermeable inversa; el dobladillo del cuerpo de la chaqueta tiene una cinta el\u00e1stica incorporada y se fija con dos cordones para facilitar el ajuste de tama\u00f1o; el forro de la chaqueta utiliza forro polar, que es c\u00e1lido y agradable para la piel; la capucha de la chaqueta es desmontable.<\/p>","protected":false},"excerpt":{"rendered":"<p>Para esta chaqueta de esqu\u00ed, combinamos aislamiento corporal con caracter\u00edsticas invernales imprescindibles, como un cortavientos interior, una barbilla de forro polar y tejido impermeable y transpirable. Perfecta para el colegio, las pistas y cualquier otra ocasi\u00f3n, esta chaqueta se convertir\u00e1 en una prenda favorita de invierno a\u00f1o tras a\u00f1o. Este traje de esqu\u00ed, cl\u00e1sico y resistente, en rosa y blanco, es ideal para ni\u00f1as.<\/p>","protected":false},"featured_media":4095,"template":"","meta":[],"product_brand":[],"product_cat":[241],"product_tag":[243],"class_list":{"0":"post-4014","1":"product","2":"type-product","3":"status-publish","4":"has-post-thumbnail","6":"product_cat-grls-suit","7":"product_tag-kid-girls-ski-jacket-manufacturers-children-ski-suit-suppliers","9":"first","10":"instock","11":"shipping-taxable","12":"product-type-simple"},"_links":{"self":[{"href":"https:\/\/cciola-fashion.com\/es\/wp-json\/wp\/v2\/product\/4014","targetHints":{"allow":["GET"]}}],"collection":[{"href":"https:\/\/cciola-fashion.com\/es\/wp-json\/wp\/v2\/product"}],"about":[{"href":"https:\/\/cciola-fashion.com\/es\/wp-json\/wp\/v2\/types\/product"}],"version-history":[{"count":1,"href":"https:\/\/cciola-fashion.com\/es\/wp-json\/wp\/v2\/product\/4014\/revisions"}],"predecessor-version":[{"id":4100,"href":"https:\/\/cciola-fashion.com\/es\/wp-json\/wp\/v2\/product\/4014\/revisions\/4100"}],"wp:featuredmedia":[{"embeddable":true,"href":"https:\/\/cciola-fashion.com\/es\/wp-json\/wp\/v2\/media\/4095"}],"wp:attachment":[{"href":"https:\/\/cciola-fashion.com\/es\/wp-json\/wp\/v2\/media?parent=4014"}],"wp:term":[{"taxonomy":"product_brand","embeddable":true,"href":"https:\/\/cciola-fashion.com\/es\/wp-json\/wp\/v2\/product_brand?post=4014"},{"taxonomy":"product_cat","embeddable":true,"href":"https:\/\/cciola-fashion.com\/es\/wp-json\/wp\/v2\/product_cat?post=4014"},{"taxonomy":"product_tag","embeddable":true,"href":"https:\/\/cciola-fashion.com\/es\/wp-json\/wp\/v2\/product_tag?post=4014"}],"curies":[{"name":"wp","href":"https:\/\/api.w.org\/{rel}","templated":true}]}}