{"id":4013,"date":"2025-05-09T16:59:31","date_gmt":"2025-05-09T08:59:31","guid":{"rendered":"https:\/\/cciola-fashion.com\/product\/baby-girls-jumpsuit-quilted-plush-fleece-lined-snowsuit-manufacturers\/"},"modified":"2025-05-12T18:31:25","modified_gmt":"2025-05-12T10:31:25","slug":"fabricantes-de-monos-de-nieve-para-ninas-acolchados-de-felpa-y-forro-polar","status":"publish","type":"product","link":"https:\/\/cciola-fashion.com\/es\/mono-de-nieve-para-ninas-acolchado-de-felpa-y-forro-polar-fabricantes","title":{"rendered":"Mono de nieve acolchado con forro polar para ni\u00f1as Fabricantes"},"content":{"rendered":"<p>Cierre de cremallera seguro, f\u00e1cil de usar para vestir a los reci\u00e9n nacidos sin complicaciones; Body completamente forrado; Viene con guantes y sacos para pies.<\/p>","protected":false},"excerpt":{"rendered":"<p>El forro suave y acogedor mantendr\u00e1 a su beb\u00e9 c\u00f3modo y c\u00e1lido durante todo el d\u00eda; El dise\u00f1o ajustado ayuda a garantizar que su beb\u00e9 se mantenga seguro cuando baja la temperatura; Hemos hecho este mono de nieve para ni\u00f1as reci\u00e9n nacidas con tela resistente al viento y al agua para garantizar que su beb\u00e9 se mantenga c\u00f3modo en esos fr\u00edos d\u00edas de invierno<\/p>","protected":false},"featured_media":4079,"template":"","meta":[],"product_brand":[],"product_cat":[241],"product_tag":[242],"class_list":{"0":"post-4013","1":"product","2":"type-product","3":"status-publish","4":"has-post-thumbnail","6":"product_cat-grls-suit","7":"product_tag-baby-girls-jumpsuit-quilted-plush-fleece-lined-snowsuit-manufacturers","9":"first","10":"instock","11":"shipping-taxable","12":"product-type-simple"},"_links":{"self":[{"href":"https:\/\/cciola-fashion.com\/es\/wp-json\/wp\/v2\/product\/4013","targetHints":{"allow":["GET"]}}],"collection":[{"href":"https:\/\/cciola-fashion.com\/es\/wp-json\/wp\/v2\/product"}],"about":[{"href":"https:\/\/cciola-fashion.com\/es\/wp-json\/wp\/v2\/types\/product"}],"version-history":[{"count":1,"href":"https:\/\/cciola-fashion.com\/es\/wp-json\/wp\/v2\/product\/4013\/revisions"}],"predecessor-version":[{"id":4081,"href":"https:\/\/cciola-fashion.com\/es\/wp-json\/wp\/v2\/product\/4013\/revisions\/4081"}],"wp:featuredmedia":[{"embeddable":true,"href":"https:\/\/cciola-fashion.com\/es\/wp-json\/wp\/v2\/media\/4079"}],"wp:attachment":[{"href":"https:\/\/cciola-fashion.com\/es\/wp-json\/wp\/v2\/media?parent=4013"}],"wp:term":[{"taxonomy":"product_brand","embeddable":true,"href":"https:\/\/cciola-fashion.com\/es\/wp-json\/wp\/v2\/product_brand?post=4013"},{"taxonomy":"product_cat","embeddable":true,"href":"https:\/\/cciola-fashion.com\/es\/wp-json\/wp\/v2\/product_cat?post=4013"},{"taxonomy":"product_tag","embeddable":true,"href":"https:\/\/cciola-fashion.com\/es\/wp-json\/wp\/v2\/product_tag?post=4013"}],"curies":[{"name":"wp","href":"https:\/\/api.w.org\/{rel}","templated":true}]}}