{"id":4012,"date":"2025-05-09T16:59:30","date_gmt":"2025-05-09T08:59:30","guid":{"rendered":"https:\/\/cciola-fashion.com\/product\/kids-toddler-teddy-bear-fleece-jacket-hoodless-manufacturer\/"},"modified":"2025-05-23T18:41:37","modified_gmt":"2025-05-23T10:41:37","slug":"chaqueta-polar-sin-capucha-con-diseno-de-osito-de-peluche-para-ninos-pequenos","status":"publish","type":"product","link":"https:\/\/cciola-fashion.com\/es\/chaqueta-polar-sin-capucha-para-ninos-pequenos-con-diseno-de-osito-de-peluche-fabricante-html","title":{"rendered":"Chaqueta polar sin capucha para ni\u00f1os peque\u00f1os con dise\u00f1o de osito de peluche"},"content":{"rendered":"<p>Esta chaqueta corta con dise\u00f1o de osito de peluche tiene una cremallera central frontal invisible y un cuello alto.<\/p>","protected":false},"excerpt":{"rendered":"<p>\u00a1Esta chaqueta corta de peluche no solo es linda de usar, sino que tambi\u00e9n es muy c\u00e1lida!<\/p>","protected":false},"featured_media":4114,"template":"","meta":[],"product_brand":[],"product_cat":[237],"product_tag":[240],"class_list":{"0":"post-4012","1":"product","2":"type-product","3":"status-publish","4":"has-post-thumbnail","6":"product_cat-grls-jacket","7":"product_tag-kids-toddler-teddy-bear-fleece-jacket-hoodless-manufacturer","9":"first","10":"instock","11":"shipping-taxable","12":"product-type-simple"},"_links":{"self":[{"href":"https:\/\/cciola-fashion.com\/es\/wp-json\/wp\/v2\/product\/4012","targetHints":{"allow":["GET"]}}],"collection":[{"href":"https:\/\/cciola-fashion.com\/es\/wp-json\/wp\/v2\/product"}],"about":[{"href":"https:\/\/cciola-fashion.com\/es\/wp-json\/wp\/v2\/types\/product"}],"version-history":[{"count":1,"href":"https:\/\/cciola-fashion.com\/es\/wp-json\/wp\/v2\/product\/4012\/revisions"}],"predecessor-version":[{"id":4116,"href":"https:\/\/cciola-fashion.com\/es\/wp-json\/wp\/v2\/product\/4012\/revisions\/4116"}],"wp:featuredmedia":[{"embeddable":true,"href":"https:\/\/cciola-fashion.com\/es\/wp-json\/wp\/v2\/media\/4114"}],"wp:attachment":[{"href":"https:\/\/cciola-fashion.com\/es\/wp-json\/wp\/v2\/media?parent=4012"}],"wp:term":[{"taxonomy":"product_brand","embeddable":true,"href":"https:\/\/cciola-fashion.com\/es\/wp-json\/wp\/v2\/product_brand?post=4012"},{"taxonomy":"product_cat","embeddable":true,"href":"https:\/\/cciola-fashion.com\/es\/wp-json\/wp\/v2\/product_cat?post=4012"},{"taxonomy":"product_tag","embeddable":true,"href":"https:\/\/cciola-fashion.com\/es\/wp-json\/wp\/v2\/product_tag?post=4012"}],"curies":[{"name":"wp","href":"https:\/\/api.w.org\/{rel}","templated":true}]}}