{"id":4011,"date":"2025-05-09T16:59:30","date_gmt":"2025-05-09T08:59:30","guid":{"rendered":"https:\/\/cciola-fashion.com\/product\/girls-windbreaker-jacket-with-aop-hood-manufacturer\/"},"modified":"2025-05-23T18:36:28","modified_gmt":"2025-05-23T10:36:28","slug":"chaqueta-cortavientos-para-nina-con-capucha-aop-fabricante","status":"publish","type":"product","link":"https:\/\/cciola-fashion.com\/es\/chaqueta-cortavientos-para-nina-con-capucha-aop-fabricante-html","title":{"rendered":"Chaqueta cortavientos para ni\u00f1a con capucha AOP Fabricante"},"content":{"rendered":"<p>La chaqueta de las ni\u00f1as est\u00e1 forrada con tela polar suave para una sensaci\u00f3n m\u00e1s suave y c\u00f3moda; los pu\u00f1os de las mangas, la cintura y el dobladillo inferior est\u00e1n rellenos con cinta el\u00e1stica para un efecto plisado; el dobladillo inferior est\u00e1 curvado con un dise\u00f1o de cola de milano para una apariencia m\u00e1s adorable.<\/p>","protected":false},"excerpt":{"rendered":"<p>Chaqueta fAOP de dise\u00f1o colorido adecuada para que la usen las ni\u00f1as, el dise\u00f1o de las costuras en relieve de la chaqueta tiene una funci\u00f3n impermeable, es la mejor opci\u00f3n para viajar en d\u00edas lluviosos; \u00a1el dise\u00f1o de la etiqueta en forma de coraz\u00f3n del dobladillo central de la parte posterior de la chaqueta se puede personalizar libremente!<\/p>","protected":false},"featured_media":4108,"template":"","meta":[],"product_brand":[],"product_cat":[237],"product_tag":[238,239],"class_list":{"0":"post-4011","1":"product","2":"type-product","3":"status-publish","4":"has-post-thumbnail","6":"product_cat-grls-jacket","7":"product_tag-girls-windbreaker-jacket-with-aop-hood-manufacturer","8":"product_tag-china-girls-windbreaker-jacket-with-aop-hood-manufacturer","10":"first","11":"instock","12":"shipping-taxable","13":"product-type-simple"},"_links":{"self":[{"href":"https:\/\/cciola-fashion.com\/es\/wp-json\/wp\/v2\/product\/4011","targetHints":{"allow":["GET"]}}],"collection":[{"href":"https:\/\/cciola-fashion.com\/es\/wp-json\/wp\/v2\/product"}],"about":[{"href":"https:\/\/cciola-fashion.com\/es\/wp-json\/wp\/v2\/types\/product"}],"version-history":[{"count":1,"href":"https:\/\/cciola-fashion.com\/es\/wp-json\/wp\/v2\/product\/4011\/revisions"}],"predecessor-version":[{"id":4110,"href":"https:\/\/cciola-fashion.com\/es\/wp-json\/wp\/v2\/product\/4011\/revisions\/4110"}],"wp:featuredmedia":[{"embeddable":true,"href":"https:\/\/cciola-fashion.com\/es\/wp-json\/wp\/v2\/media\/4108"}],"wp:attachment":[{"href":"https:\/\/cciola-fashion.com\/es\/wp-json\/wp\/v2\/media?parent=4011"}],"wp:term":[{"taxonomy":"product_brand","embeddable":true,"href":"https:\/\/cciola-fashion.com\/es\/wp-json\/wp\/v2\/product_brand?post=4011"},{"taxonomy":"product_cat","embeddable":true,"href":"https:\/\/cciola-fashion.com\/es\/wp-json\/wp\/v2\/product_cat?post=4011"},{"taxonomy":"product_tag","embeddable":true,"href":"https:\/\/cciola-fashion.com\/es\/wp-json\/wp\/v2\/product_tag?post=4011"}],"curies":[{"name":"wp","href":"https:\/\/api.w.org\/{rel}","templated":true}]}}