{"id":4009,"date":"2025-05-09T16:59:30","date_gmt":"2025-05-09T08:59:30","guid":{"rendered":"https:\/\/cciola-fashion.com\/product\/wholesale-girls-creamy-puffer-jacket-with-hood-bulk-price\/"},"modified":"2025-05-26T17:35:22","modified_gmt":"2025-05-26T09:35:22","slug":"chaqueta-acolchada-color-crema-con-capucha-para-ninas-precio-al-por-mayor","status":"publish","type":"product","link":"https:\/\/cciola-fashion.com\/es\/chaqueta-acolchada-color-crema-con-capucha-para-ninas-precio-al-por-mayor-2","title":{"rendered":"Chaqueta acolchada color crema con capucha para ni\u00f1a (precio al por mayor)"},"content":{"rendered":"<p>La cremallera y el forro de la chaqueta est\u00e1n dise\u00f1ados en el mismo color, formando un contraste con la tela principal, agregando un toque de color brillante al beige crema mon\u00f3tono; hay costuras acanaladas en los pu\u00f1os para protegerse del viento y el fr\u00edo; hay dise\u00f1os de apertura y cierre de cremallera en ambos lados de la chaqueta, lo que la hace conveniente para que el usuario viaje.<\/p>","protected":false},"excerpt":{"rendered":"<p>Esta chaqueta acolchada est\u00e1 dise\u00f1ada para ni\u00f1as y viene en una amplia gama de tama\u00f1os, adecuada para edades de 4 a 16 a\u00f1os. El plum\u00f3n reciclado es muy esponjoso, c\u00e1lido y c\u00f3modo, lo que la hace muy adecuada para usar al aire libre en invierno.<\/p>","protected":false},"featured_media":4139,"template":"","meta":[],"product_brand":[],"product_cat":[230],"product_tag":[234],"class_list":{"0":"post-4009","1":"product","2":"type-product","3":"status-publish","4":"has-post-thumbnail","6":"product_cat-grls-padded-jacket","7":"product_tag-wholesale-girls-creamy-puffer-jacket-with-hood-bulk-price","9":"first","10":"instock","11":"shipping-taxable","12":"product-type-simple"},"_links":{"self":[{"href":"https:\/\/cciola-fashion.com\/es\/wp-json\/wp\/v2\/product\/4009","targetHints":{"allow":["GET"]}}],"collection":[{"href":"https:\/\/cciola-fashion.com\/es\/wp-json\/wp\/v2\/product"}],"about":[{"href":"https:\/\/cciola-fashion.com\/es\/wp-json\/wp\/v2\/types\/product"}],"version-history":[{"count":1,"href":"https:\/\/cciola-fashion.com\/es\/wp-json\/wp\/v2\/product\/4009\/revisions"}],"predecessor-version":[{"id":4141,"href":"https:\/\/cciola-fashion.com\/es\/wp-json\/wp\/v2\/product\/4009\/revisions\/4141"}],"wp:featuredmedia":[{"embeddable":true,"href":"https:\/\/cciola-fashion.com\/es\/wp-json\/wp\/v2\/media\/4139"}],"wp:attachment":[{"href":"https:\/\/cciola-fashion.com\/es\/wp-json\/wp\/v2\/media?parent=4009"}],"wp:term":[{"taxonomy":"product_brand","embeddable":true,"href":"https:\/\/cciola-fashion.com\/es\/wp-json\/wp\/v2\/product_brand?post=4009"},{"taxonomy":"product_cat","embeddable":true,"href":"https:\/\/cciola-fashion.com\/es\/wp-json\/wp\/v2\/product_cat?post=4009"},{"taxonomy":"product_tag","embeddable":true,"href":"https:\/\/cciola-fashion.com\/es\/wp-json\/wp\/v2\/product_tag?post=4009"}],"curies":[{"name":"wp","href":"https:\/\/api.w.org\/{rel}","templated":true}]}}