{"id":4008,"date":"2025-05-09T16:59:30","date_gmt":"2025-05-09T08:59:30","guid":{"rendered":"https:\/\/cciola-fashion.com\/product\/wholesales-girls-orange-quilted-jacket-manufacturers-padded-jacket\/"},"modified":"2025-05-23T18:22:31","modified_gmt":"2025-05-23T10:22:31","slug":"chaqueta-acolchada-naranja-para-ninas-venta-al-por-mayor-fabricantes","status":"publish","type":"product","link":"https:\/\/cciola-fashion.com\/es\/chaqueta-acolchada-naranja-para-ninas-venta-al-por-mayor","title":{"rendered":"Chaqueta acolchada naranja para ni\u00f1as al por mayor. Fabricantes. Chaqueta acolchada."},"content":{"rendered":"<p>Cuello de piel sint\u00e9tica desmontable en la capucha, cierre con botones; cierre de cremallera en el centro delantero; bolsillos laterales con cierres de botones a presi\u00f3n; pu\u00f1os y dobladillo acanalados.<\/p>","protected":false},"excerpt":{"rendered":"<p>La chaqueta est\u00e1 hecha de algod\u00f3n acolchado a m\u00e1quina con l\u00edneas de acolchado \u00fanicas y hermosas; esta chaqueta es muy adecuada para ni\u00f1as, c\u00e1lida y moderna, muy llamativa.<\/p>","protected":false},"featured_media":4101,"template":"","meta":[],"product_brand":[],"product_cat":[230],"product_tag":[232,263],"class_list":{"0":"post-4008","1":"product","2":"type-product","3":"status-publish","4":"has-post-thumbnail","6":"product_cat-grls-padded-jacket","7":"product_tag-pu-woman-casual-suit","8":"product_tag-girls-padded-quilted-coat-2","10":"first","11":"instock","12":"shipping-taxable","13":"product-type-simple"},"_links":{"self":[{"href":"https:\/\/cciola-fashion.com\/es\/wp-json\/wp\/v2\/product\/4008","targetHints":{"allow":["GET"]}}],"collection":[{"href":"https:\/\/cciola-fashion.com\/es\/wp-json\/wp\/v2\/product"}],"about":[{"href":"https:\/\/cciola-fashion.com\/es\/wp-json\/wp\/v2\/types\/product"}],"version-history":[{"count":1,"href":"https:\/\/cciola-fashion.com\/es\/wp-json\/wp\/v2\/product\/4008\/revisions"}],"predecessor-version":[{"id":4103,"href":"https:\/\/cciola-fashion.com\/es\/wp-json\/wp\/v2\/product\/4008\/revisions\/4103"}],"wp:featuredmedia":[{"embeddable":true,"href":"https:\/\/cciola-fashion.com\/es\/wp-json\/wp\/v2\/media\/4101"}],"wp:attachment":[{"href":"https:\/\/cciola-fashion.com\/es\/wp-json\/wp\/v2\/media?parent=4008"}],"wp:term":[{"taxonomy":"product_brand","embeddable":true,"href":"https:\/\/cciola-fashion.com\/es\/wp-json\/wp\/v2\/product_brand?post=4008"},{"taxonomy":"product_cat","embeddable":true,"href":"https:\/\/cciola-fashion.com\/es\/wp-json\/wp\/v2\/product_cat?post=4008"},{"taxonomy":"product_tag","embeddable":true,"href":"https:\/\/cciola-fashion.com\/es\/wp-json\/wp\/v2\/product_tag?post=4008"}],"curies":[{"name":"wp","href":"https:\/\/api.w.org\/{rel}","templated":true}]}}