{"id":4007,"date":"2025-05-09T16:59:30","date_gmt":"2025-05-09T08:59:30","guid":{"rendered":"https:\/\/cciola-fashion.com\/product\/wholesales-toddler-puffer-jacket-girls-soft-hood-lining-bulk-price\/"},"modified":"2025-05-23T18:43:00","modified_gmt":"2025-05-23T10:43:00","slug":"chaqueta-acolchada-para-ninas-pequenas-con-forro-de-capucha-suave-precio-al-por-mayor","status":"publish","type":"product","link":"https:\/\/cciola-fashion.com\/es\/chaqueta-acolchada-para-ninas-pequenas-con-capucha-suave-y-forro-precio-al-por-mayor","title":{"rendered":"Chaqueta acolchada para ni\u00f1as peque\u00f1as con forro de capucha suave, precio al por mayor"},"content":{"rendered":"<p>Esta chaqueta cuenta con una capucha forrada de piel que protege contra el viento y la nieve; Los guantes incorporados se pueden quitar f\u00e1cilmente cuando sea necesario, lo que ofrece gran comodidad y funcionalidad; Cierre de cremallera de nailon CF con tirador en forma de coraz\u00f3n; Cintas el\u00e1sticas internas en pu\u00f1os y dobladillo del cuerpo de la chaqueta.<\/p>","protected":false},"excerpt":{"rendered":"<p>Resistencia al agua: gracias a una membrana especial, protege contra el agua hasta 600 mm, mejorada a\u00fan m\u00e1s por un revestimiento hidr\u00f3fobo WR que hace que el agua se escurra del material.<\/p>\n<p>Resistencia al viento: protecci\u00f3n contra el viento proporcionada por la membrana y la capucha de la chaqueta.<\/p>\n<p>Transpirabilidad: la membrana libera el exceso de calor al exterior, reduciendo la sudoraci\u00f3n y manteniendo el confort t\u00e9rmico.<\/p>\n<p>Funcionalidad: capucha, bolsillos, cierre de cremallera, protecci\u00f3n de cremallera en el borde superior, guantes desmontables<\/p>","protected":false},"featured_media":4117,"template":"","meta":[],"product_brand":[],"product_cat":[230],"product_tag":[231],"class_list":{"0":"post-4007","1":"product","2":"type-product","3":"status-publish","4":"has-post-thumbnail","6":"product_cat-grls-padded-jacket","7":"product_tag-wholesales-toddler-puffer-jacket-girls-soft-hood-lining-bulk-price","9":"first","10":"instock","11":"shipping-taxable","12":"product-type-simple"},"_links":{"self":[{"href":"https:\/\/cciola-fashion.com\/es\/wp-json\/wp\/v2\/product\/4007","targetHints":{"allow":["GET"]}}],"collection":[{"href":"https:\/\/cciola-fashion.com\/es\/wp-json\/wp\/v2\/product"}],"about":[{"href":"https:\/\/cciola-fashion.com\/es\/wp-json\/wp\/v2\/types\/product"}],"version-history":[{"count":1,"href":"https:\/\/cciola-fashion.com\/es\/wp-json\/wp\/v2\/product\/4007\/revisions"}],"predecessor-version":[{"id":4119,"href":"https:\/\/cciola-fashion.com\/es\/wp-json\/wp\/v2\/product\/4007\/revisions\/4119"}],"wp:featuredmedia":[{"embeddable":true,"href":"https:\/\/cciola-fashion.com\/es\/wp-json\/wp\/v2\/media\/4117"}],"wp:attachment":[{"href":"https:\/\/cciola-fashion.com\/es\/wp-json\/wp\/v2\/media?parent=4007"}],"wp:term":[{"taxonomy":"product_brand","embeddable":true,"href":"https:\/\/cciola-fashion.com\/es\/wp-json\/wp\/v2\/product_brand?post=4007"},{"taxonomy":"product_cat","embeddable":true,"href":"https:\/\/cciola-fashion.com\/es\/wp-json\/wp\/v2\/product_cat?post=4007"},{"taxonomy":"product_tag","embeddable":true,"href":"https:\/\/cciola-fashion.com\/es\/wp-json\/wp\/v2\/product_tag?post=4007"}],"curies":[{"name":"wp","href":"https:\/\/api.w.org\/{rel}","templated":true}]}}