{"id":4004,"date":"2025-05-09T16:59:30","date_gmt":"2025-05-09T08:59:30","guid":{"rendered":"https:\/\/cciola-fashion.com\/product\/womens-gray-wool-jacket-manufacturer-double-sided-woolen-jacket\/"},"modified":"2025-05-26T17:31:26","modified_gmt":"2025-05-26T09:31:26","slug":"womens-gray-wool-jacket-manufacturer-double-sided-woolen-jacket","status":"publish","type":"product","link":"https:\/\/cciola-fashion.com\/es\/womens-gray-wool-jacket-manufacturer-double-sided-woolen-jacket.html","title":{"rendered":"Chaqueta de lana gris para mujer, chaqueta de lana de doble cara, fabricante"},"content":{"rendered":"<p>La chaqueta tiene dos botones en las trabillas de las mangas para ajustar los pu\u00f1os; la chaqueta est\u00e1 cortada para el uso diario.<\/p>","protected":false},"excerpt":{"rendered":"<p>Este abrigo de lana gris claro es sencillo pero elegante. Sus amplios bolsillos a ambos lados son pr\u00e1cticos y pr\u00e1cticos, y permiten guardar f\u00e1cilmente objetos de uso diario como el m\u00f3vil y la cartera.<\/p>","protected":false},"featured_media":4136,"template":"","meta":[],"product_brand":[],"product_cat":[224],"product_tag":[225],"class_list":{"0":"post-4004","1":"product","2":"type-product","3":"status-publish","4":"has-post-thumbnail","6":"product_cat-ladies-jacket-ladies-clothing-2","7":"product_tag-womens-gray-wool-jacket-manufacturer-double-sided-woolen-jacket","9":"first","10":"instock","11":"shipping-taxable","12":"product-type-simple"},"_links":{"self":[{"href":"https:\/\/cciola-fashion.com\/es\/wp-json\/wp\/v2\/product\/4004","targetHints":{"allow":["GET"]}}],"collection":[{"href":"https:\/\/cciola-fashion.com\/es\/wp-json\/wp\/v2\/product"}],"about":[{"href":"https:\/\/cciola-fashion.com\/es\/wp-json\/wp\/v2\/types\/product"}],"version-history":[{"count":1,"href":"https:\/\/cciola-fashion.com\/es\/wp-json\/wp\/v2\/product\/4004\/revisions"}],"predecessor-version":[{"id":4138,"href":"https:\/\/cciola-fashion.com\/es\/wp-json\/wp\/v2\/product\/4004\/revisions\/4138"}],"wp:featuredmedia":[{"embeddable":true,"href":"https:\/\/cciola-fashion.com\/es\/wp-json\/wp\/v2\/media\/4136"}],"wp:attachment":[{"href":"https:\/\/cciola-fashion.com\/es\/wp-json\/wp\/v2\/media?parent=4004"}],"wp:term":[{"taxonomy":"product_brand","embeddable":true,"href":"https:\/\/cciola-fashion.com\/es\/wp-json\/wp\/v2\/product_brand?post=4004"},{"taxonomy":"product_cat","embeddable":true,"href":"https:\/\/cciola-fashion.com\/es\/wp-json\/wp\/v2\/product_cat?post=4004"},{"taxonomy":"product_tag","embeddable":true,"href":"https:\/\/cciola-fashion.com\/es\/wp-json\/wp\/v2\/product_tag?post=4004"}],"curies":[{"name":"wp","href":"https:\/\/api.w.org\/{rel}","templated":true}]}}