{"id":4003,"date":"2025-05-09T16:59:29","date_gmt":"2025-05-09T08:59:29","guid":{"rendered":"https:\/\/cciola-fashion.com\/product\/womens-puffy-parka-jacket-with-stand-collar-manufacturer\/"},"modified":"2025-05-26T17:23:38","modified_gmt":"2025-05-26T09:23:38","slug":"womens-puffy-parka-jacket-with-stand-collar-manufacturer","status":"publish","type":"product","link":"https:\/\/cciola-fashion.com\/es\/womens-puffy-parka-jacket-with-stand-collar-manufacturer.html","title":{"rendered":"Chaqueta parka acolchada con cuello alto para mujer. Fabricante."},"content":{"rendered":"<p>El centro delantero est\u00e1 cerrado con una cremallera vislon negra de doble extremo, y hay cierres de cremallera en ambos lados de la chaqueta, lo que le permite moverse libremente cuando usa la chaqueta; hay dos botones a presi\u00f3n en cada lado de los bolsillos de la chaqueta; hay un cintur\u00f3n en la cintura hecho del mismo material que la tela del cuerpo principal, que puede ajustar la versi\u00f3n de la chaqueta para que la chaqueta se adapte mejor a la forma del cuerpo del usuario.<\/p>","protected":false},"excerpt":{"rendered":"<p>Esta prenda es una chaqueta acolchada azul marino oscuro con un dise\u00f1o elegante. Est\u00e1 hecha de material brillante, lo que le da un aspecto m\u00e1s atractivo. Tiene cuello alto, lo que protege el cuello del viento fr\u00edo. Adem\u00e1s, incluye un cintur\u00f3n ajustable para adaptarse a la figura.<\/p>","protected":false},"featured_media":4132,"template":"","meta":[],"product_brand":[],"product_cat":[218],"product_tag":[223],"class_list":{"0":"post-4003","1":"product","2":"type-product","3":"status-publish","4":"has-post-thumbnail","6":"product_cat-ladies-padded-jacket-ladies-clothing-2","7":"product_tag-womens-puffy-parka-jacket-with-stand-collar-manufacturer","9":"first","10":"instock","11":"shipping-taxable","12":"product-type-simple"},"_links":{"self":[{"href":"https:\/\/cciola-fashion.com\/es\/wp-json\/wp\/v2\/product\/4003","targetHints":{"allow":["GET"]}}],"collection":[{"href":"https:\/\/cciola-fashion.com\/es\/wp-json\/wp\/v2\/product"}],"about":[{"href":"https:\/\/cciola-fashion.com\/es\/wp-json\/wp\/v2\/types\/product"}],"version-history":[{"count":1,"href":"https:\/\/cciola-fashion.com\/es\/wp-json\/wp\/v2\/product\/4003\/revisions"}],"predecessor-version":[{"id":4134,"href":"https:\/\/cciola-fashion.com\/es\/wp-json\/wp\/v2\/product\/4003\/revisions\/4134"}],"wp:featuredmedia":[{"embeddable":true,"href":"https:\/\/cciola-fashion.com\/es\/wp-json\/wp\/v2\/media\/4132"}],"wp:attachment":[{"href":"https:\/\/cciola-fashion.com\/es\/wp-json\/wp\/v2\/media?parent=4003"}],"wp:term":[{"taxonomy":"product_brand","embeddable":true,"href":"https:\/\/cciola-fashion.com\/es\/wp-json\/wp\/v2\/product_brand?post=4003"},{"taxonomy":"product_cat","embeddable":true,"href":"https:\/\/cciola-fashion.com\/es\/wp-json\/wp\/v2\/product_cat?post=4003"},{"taxonomy":"product_tag","embeddable":true,"href":"https:\/\/cciola-fashion.com\/es\/wp-json\/wp\/v2\/product_tag?post=4003"}],"curies":[{"name":"wp","href":"https:\/\/api.w.org\/{rel}","templated":true}]}}