{"id":4002,"date":"2025-05-09T16:59:29","date_gmt":"2025-05-09T08:59:29","guid":{"rendered":"https:\/\/cciola-fashion.com\/product\/thin-puffer-jacket-mens-2-ways-to-wear-padded-jacket-manufacturer\/"},"modified":"2025-05-26T18:15:27","modified_gmt":"2025-05-26T10:15:27","slug":"thin-puffer-jacket-mens-2-ways-to-wear-padded-jacket-manufacturer","status":"publish","type":"product","link":"https:\/\/cciola-fashion.com\/es\/thin-puffer-jacket-mens-2-ways-to-wear-padded-jacket-manufacturer.html","title":{"rendered":"Chaqueta acolchada fina para hombre: dos maneras de usarla. Fabricante."},"content":{"rendered":"<p>La chaqueta tiene cuello alto y un peque\u00f1o cuello alto. Los bolsillos laterales son de ribete con un dise\u00f1o y corte \u00fanicos.<\/p>","protected":false},"excerpt":{"rendered":"<p>Las mangas de esta chaqueta ligera para hombre son desmontables. Se puede usar de dos maneras: como capa exterior o como capa interior, lo cual resulta muy pr\u00e1ctico.<\/p>","protected":false},"featured_media":4159,"template":"","meta":[],"product_brand":[],"product_cat":[218],"product_tag":[262],"class_list":{"0":"post-4002","1":"product","2":"type-product","3":"status-publish","4":"has-post-thumbnail","6":"product_cat-ladies-padded-jacket-ladies-clothing-2","7":"product_tag-thin-puffer-jacket-mens-2-ways-to-wear-padded-jacket-manufacturer-2","9":"first","10":"instock","11":"shipping-taxable","12":"product-type-simple"},"_links":{"self":[{"href":"https:\/\/cciola-fashion.com\/es\/wp-json\/wp\/v2\/product\/4002","targetHints":{"allow":["GET"]}}],"collection":[{"href":"https:\/\/cciola-fashion.com\/es\/wp-json\/wp\/v2\/product"}],"about":[{"href":"https:\/\/cciola-fashion.com\/es\/wp-json\/wp\/v2\/types\/product"}],"version-history":[{"count":1,"href":"https:\/\/cciola-fashion.com\/es\/wp-json\/wp\/v2\/product\/4002\/revisions"}],"predecessor-version":[{"id":4162,"href":"https:\/\/cciola-fashion.com\/es\/wp-json\/wp\/v2\/product\/4002\/revisions\/4162"}],"wp:featuredmedia":[{"embeddable":true,"href":"https:\/\/cciola-fashion.com\/es\/wp-json\/wp\/v2\/media\/4159"}],"wp:attachment":[{"href":"https:\/\/cciola-fashion.com\/es\/wp-json\/wp\/v2\/media?parent=4002"}],"wp:term":[{"taxonomy":"product_brand","embeddable":true,"href":"https:\/\/cciola-fashion.com\/es\/wp-json\/wp\/v2\/product_brand?post=4002"},{"taxonomy":"product_cat","embeddable":true,"href":"https:\/\/cciola-fashion.com\/es\/wp-json\/wp\/v2\/product_cat?post=4002"},{"taxonomy":"product_tag","embeddable":true,"href":"https:\/\/cciola-fashion.com\/es\/wp-json\/wp\/v2\/product_tag?post=4002"}],"curies":[{"name":"wp","href":"https:\/\/api.w.org\/{rel}","templated":true}]}}