{"id":4001,"date":"2025-05-09T16:59:29","date_gmt":"2025-05-09T08:59:29","guid":{"rendered":"https:\/\/cciola-fashion.com\/product\/high-quality-puffer-jacket-womens-manufacturer-contrast-color\/"},"modified":"2025-05-26T18:13:22","modified_gmt":"2025-05-26T10:13:22","slug":"high-quality-puffer-jacket-womens-manufacturer-contrast-color","status":"publish","type":"product","link":"https:\/\/cciola-fashion.com\/es\/high-quality-puffer-jacket-womens-manufacturer-contrast-color.html","title":{"rendered":"Chaqueta acolchada de alta calidad para mujer, color en contraste."},"content":{"rendered":"<p>Bolsillos deslizantes con dos cierres de bot\u00f3n a presi\u00f3n; pu\u00f1os con dos pares de canal\u00e9; dobladillo inferior con el\u00e1stico incorporado y ajuste con cord\u00f3n.<\/p>","protected":false},"excerpt":{"rendered":"<p>Esta chaqueta, con degradado en amarillo fluorescente y gris, presenta un dise\u00f1o \u00fanico y a capas. Su cuello alto protege el cuello del viento fr\u00edo y le da un toque moderno.<\/p>","protected":false},"featured_media":4156,"template":"","meta":[],"product_brand":[],"product_cat":[218],"product_tag":[221],"class_list":{"0":"post-4001","1":"product","2":"type-product","3":"status-publish","4":"has-post-thumbnail","6":"product_cat-ladies-padded-jacket-ladies-clothing-2","7":"product_tag-high-quality-puffer-jacket-womens-manufacturer-contrast-color","9":"first","10":"instock","11":"shipping-taxable","12":"product-type-simple"},"_links":{"self":[{"href":"https:\/\/cciola-fashion.com\/es\/wp-json\/wp\/v2\/product\/4001","targetHints":{"allow":["GET"]}}],"collection":[{"href":"https:\/\/cciola-fashion.com\/es\/wp-json\/wp\/v2\/product"}],"about":[{"href":"https:\/\/cciola-fashion.com\/es\/wp-json\/wp\/v2\/types\/product"}],"version-history":[{"count":1,"href":"https:\/\/cciola-fashion.com\/es\/wp-json\/wp\/v2\/product\/4001\/revisions"}],"predecessor-version":[{"id":4158,"href":"https:\/\/cciola-fashion.com\/es\/wp-json\/wp\/v2\/product\/4001\/revisions\/4158"}],"wp:featuredmedia":[{"embeddable":true,"href":"https:\/\/cciola-fashion.com\/es\/wp-json\/wp\/v2\/media\/4156"}],"wp:attachment":[{"href":"https:\/\/cciola-fashion.com\/es\/wp-json\/wp\/v2\/media?parent=4001"}],"wp:term":[{"taxonomy":"product_brand","embeddable":true,"href":"https:\/\/cciola-fashion.com\/es\/wp-json\/wp\/v2\/product_brand?post=4001"},{"taxonomy":"product_cat","embeddable":true,"href":"https:\/\/cciola-fashion.com\/es\/wp-json\/wp\/v2\/product_cat?post=4001"},{"taxonomy":"product_tag","embeddable":true,"href":"https:\/\/cciola-fashion.com\/es\/wp-json\/wp\/v2\/product_tag?post=4001"}],"curies":[{"name":"wp","href":"https:\/\/api.w.org\/{rel}","templated":true}]}}