{"id":4000,"date":"2025-05-09T16:59:29","date_gmt":"2025-05-09T08:59:29","guid":{"rendered":"https:\/\/cciola-fashion.com\/product\/lightweight-quilted-jacket-womens-manufacturer-pink-padded-jacket\/"},"modified":"2025-05-26T18:10:31","modified_gmt":"2025-05-26T10:10:31","slug":"lightweight-quilted-jacket-womens-manufacturer-pink-padded-jacket","status":"publish","type":"product","link":"https:\/\/cciola-fashion.com\/es\/lightweight-quilted-jacket-womens-manufacturer-pink-padded-jacket.html","title":{"rendered":"Chaqueta acolchada ligera para mujer, color rosa."},"content":{"rendered":"<p>Cierre de cremallera CF Vislon; los bolsillos laterales est\u00e1n dise\u00f1ados con bolsillos invisibles; hay una etiqueta de goma en la manga izquierda, que se puede personalizar; la cremallera tiene un dise\u00f1o de cubierta de cremallera.<\/p>","protected":false},"excerpt":{"rendered":"<p>La chaqueta est\u00e1 hecha de tela de alta calidad, resistente al viento y al agua. Tiene un corte ajustado a la cintura y est\u00e1 dise\u00f1ada espec\u00edficamente para mujeres. Abriga y luce genial.<\/p>","protected":false},"featured_media":4153,"template":"","meta":[],"product_brand":[],"product_cat":[218],"product_tag":[220],"class_list":{"0":"post-4000","1":"product","2":"type-product","3":"status-publish","4":"has-post-thumbnail","6":"product_cat-ladies-padded-jacket-ladies-clothing-2","7":"product_tag-lightweight-quilted-jacket-womens-manufacturer-pink-padded-jacket","9":"first","10":"instock","11":"shipping-taxable","12":"product-type-simple"},"_links":{"self":[{"href":"https:\/\/cciola-fashion.com\/es\/wp-json\/wp\/v2\/product\/4000","targetHints":{"allow":["GET"]}}],"collection":[{"href":"https:\/\/cciola-fashion.com\/es\/wp-json\/wp\/v2\/product"}],"about":[{"href":"https:\/\/cciola-fashion.com\/es\/wp-json\/wp\/v2\/types\/product"}],"version-history":[{"count":1,"href":"https:\/\/cciola-fashion.com\/es\/wp-json\/wp\/v2\/product\/4000\/revisions"}],"predecessor-version":[{"id":4155,"href":"https:\/\/cciola-fashion.com\/es\/wp-json\/wp\/v2\/product\/4000\/revisions\/4155"}],"wp:featuredmedia":[{"embeddable":true,"href":"https:\/\/cciola-fashion.com\/es\/wp-json\/wp\/v2\/media\/4153"}],"wp:attachment":[{"href":"https:\/\/cciola-fashion.com\/es\/wp-json\/wp\/v2\/media?parent=4000"}],"wp:term":[{"taxonomy":"product_brand","embeddable":true,"href":"https:\/\/cciola-fashion.com\/es\/wp-json\/wp\/v2\/product_brand?post=4000"},{"taxonomy":"product_cat","embeddable":true,"href":"https:\/\/cciola-fashion.com\/es\/wp-json\/wp\/v2\/product_cat?post=4000"},{"taxonomy":"product_tag","embeddable":true,"href":"https:\/\/cciola-fashion.com\/es\/wp-json\/wp\/v2\/product_tag?post=4000"}],"curies":[{"name":"wp","href":"https:\/\/api.w.org\/{rel}","templated":true}]}}