{"id":3999,"date":"2025-05-09T16:59:29","date_gmt":"2025-05-09T08:59:29","guid":{"rendered":"https:\/\/cciola-fashion.com\/product\/wholesalers-womens-light-quilted-padded-jacket-manufacturers\/"},"modified":"2025-05-26T17:43:50","modified_gmt":"2025-05-26T09:43:50","slug":"wholesalers-womens-light-quilted-padded-jacket-manufacturers","status":"publish","type":"product","link":"https:\/\/cciola-fashion.com\/es\/wholesalers-womens-light-quilted-padded-jacket-manufacturers.html","title":{"rendered":"Mayoristas de chaquetas acolchadas ligeras para mujer. Fabricantes."},"content":{"rendered":"<p>Dise\u00f1o de solapa; bolsillo inferior con dos cierres de bot\u00f3n; dise\u00f1o de cremallera oculta en el CF; bandas el\u00e1sticas en el dobladillo y cremallera CF; cinta el\u00e1stica en el interior de los pu\u00f1os para protegerse del viento y el fr\u00edo.<\/p>","protected":false},"excerpt":{"rendered":"<p>Esta chaqueta verde fluorescente tiene un dise\u00f1o \u00fanico y vibrante. Est\u00e1 confeccionada en una tela suave y c\u00f3moda con acolchado en forma de calabaza, lo que no solo aumenta su durabilidad, sino que tambi\u00e9n le da un toque moderno.<\/p>","protected":false},"featured_media":4150,"template":"","meta":[],"product_brand":[],"product_cat":[218],"product_tag":[219],"class_list":{"0":"post-3999","1":"product","2":"type-product","3":"status-publish","4":"has-post-thumbnail","6":"product_cat-ladies-padded-jacket-ladies-clothing-2","7":"product_tag-wholesalers-womens-light-quilted-padded-jacket-manufacturers","9":"first","10":"instock","11":"shipping-taxable","12":"product-type-simple"},"_links":{"self":[{"href":"https:\/\/cciola-fashion.com\/es\/wp-json\/wp\/v2\/product\/3999","targetHints":{"allow":["GET"]}}],"collection":[{"href":"https:\/\/cciola-fashion.com\/es\/wp-json\/wp\/v2\/product"}],"about":[{"href":"https:\/\/cciola-fashion.com\/es\/wp-json\/wp\/v2\/types\/product"}],"version-history":[{"count":1,"href":"https:\/\/cciola-fashion.com\/es\/wp-json\/wp\/v2\/product\/3999\/revisions"}],"predecessor-version":[{"id":4152,"href":"https:\/\/cciola-fashion.com\/es\/wp-json\/wp\/v2\/product\/3999\/revisions\/4152"}],"wp:featuredmedia":[{"embeddable":true,"href":"https:\/\/cciola-fashion.com\/es\/wp-json\/wp\/v2\/media\/4150"}],"wp:attachment":[{"href":"https:\/\/cciola-fashion.com\/es\/wp-json\/wp\/v2\/media?parent=3999"}],"wp:term":[{"taxonomy":"product_brand","embeddable":true,"href":"https:\/\/cciola-fashion.com\/es\/wp-json\/wp\/v2\/product_brand?post=3999"},{"taxonomy":"product_cat","embeddable":true,"href":"https:\/\/cciola-fashion.com\/es\/wp-json\/wp\/v2\/product_cat?post=3999"},{"taxonomy":"product_tag","embeddable":true,"href":"https:\/\/cciola-fashion.com\/es\/wp-json\/wp\/v2\/product_tag?post=3999"}],"curies":[{"name":"wp","href":"https:\/\/api.w.org\/{rel}","templated":true}]}}