{"id":3994,"date":"2025-05-09T16:59:29","date_gmt":"2025-05-09T08:59:29","guid":{"rendered":"https:\/\/cciola-fashion.com\/product\/black-techwear-bomber-jacket-manufacturer-cyberpunk-style\/"},"modified":"2025-05-23T18:50:09","modified_gmt":"2025-05-23T10:50:09","slug":"black-techwear-bomber-jacket-manufacturer-cyberpunk-style","status":"publish","type":"product","link":"https:\/\/cciola-fashion.com\/es\/black-techwear-bomber-jacket-manufacturer-cyberpunk-style.html","title":{"rendered":"Chaqueta bomber negra Techwear estilo cyberpunk del fabricante"},"content":{"rendered":"<p>Los pu\u00f1os y el dobladillo de esta chaqueta bomber est\u00e1n hechos de costuras acanaladas el\u00e1sticas, que no solo mantienen el calor sino que tambi\u00e9n hacen que la forma general sea m\u00e1s moderna; la cremallera central delantera est\u00e1 cerrada con una cremallera vislon, que es f\u00e1cil de poner y quitar; Muchos accesorios no funcionales se utilizan en las sisas, el centro de la espalda y los puntos de los hombros para resaltar el estilo tecnol\u00f3gico futurista.<\/p>","protected":false},"excerpt":{"rendered":"<p>La chaqueta est\u00e1 dise\u00f1ada con impresi\u00f3n digital de diferentes elementos, llena de estilo cyberpunk, y puede ser usada tanto por hombres como por mujeres.<\/p>","protected":false},"featured_media":4126,"template":"","meta":[],"product_brand":[],"product_cat":[170],"product_tag":[210],"class_list":{"0":"post-3994","1":"product","2":"type-product","3":"status-publish","4":"has-post-thumbnail","6":"product_cat-mens-jacket","7":"product_tag-black-techwear-bomber-jacket-manufacturer-cyberpunk-style","9":"first","10":"instock","11":"shipping-taxable","12":"product-type-simple"},"_links":{"self":[{"href":"https:\/\/cciola-fashion.com\/es\/wp-json\/wp\/v2\/product\/3994","targetHints":{"allow":["GET"]}}],"collection":[{"href":"https:\/\/cciola-fashion.com\/es\/wp-json\/wp\/v2\/product"}],"about":[{"href":"https:\/\/cciola-fashion.com\/es\/wp-json\/wp\/v2\/types\/product"}],"version-history":[{"count":1,"href":"https:\/\/cciola-fashion.com\/es\/wp-json\/wp\/v2\/product\/3994\/revisions"}],"predecessor-version":[{"id":4128,"href":"https:\/\/cciola-fashion.com\/es\/wp-json\/wp\/v2\/product\/3994\/revisions\/4128"}],"wp:featuredmedia":[{"embeddable":true,"href":"https:\/\/cciola-fashion.com\/es\/wp-json\/wp\/v2\/media\/4126"}],"wp:attachment":[{"href":"https:\/\/cciola-fashion.com\/es\/wp-json\/wp\/v2\/media?parent=3994"}],"wp:term":[{"taxonomy":"product_brand","embeddable":true,"href":"https:\/\/cciola-fashion.com\/es\/wp-json\/wp\/v2\/product_brand?post=3994"},{"taxonomy":"product_cat","embeddable":true,"href":"https:\/\/cciola-fashion.com\/es\/wp-json\/wp\/v2\/product_cat?post=3994"},{"taxonomy":"product_tag","embeddable":true,"href":"https:\/\/cciola-fashion.com\/es\/wp-json\/wp\/v2\/product_tag?post=3994"}],"curies":[{"name":"wp","href":"https:\/\/api.w.org\/{rel}","templated":true}]}}