{"id":3993,"date":"2025-05-09T16:59:29","date_gmt":"2025-05-09T08:59:29","guid":{"rendered":"https:\/\/cciola-fashion.com\/product\/mens-navy-bomber-jacket-manufacturer-casual-style-jacket\/"},"modified":"2025-05-23T18:47:21","modified_gmt":"2025-05-23T10:47:21","slug":"mens-navy-bomber-jacket-manufacturer-casual-style-jacket","status":"publish","type":"product","link":"https:\/\/cciola-fashion.com\/es\/mens-navy-bomber-jacket-manufacturer-casual-style-jacket.html","title":{"rendered":"Chaqueta bomber azul marino para hombre, estilo casual."},"content":{"rendered":"<p>La chaqueta presenta pu\u00f1os y dobladillo con ribetes de color en bloques; cierre central delantero con botones a presi\u00f3n ocultos, inserto en el dobladillo del cuerpo junto al CF con dos botones a presi\u00f3n expuestos<\/p>","protected":false},"excerpt":{"rendered":"<p>La chaqueta est\u00e1 completamente estampada con impresi\u00f3n por transferencia, resaltando las caracter\u00edsticas de estilo de la marca.<\/p>","protected":false},"featured_media":4123,"template":"","meta":[],"product_brand":[],"product_cat":[170],"product_tag":[209],"class_list":{"0":"post-3993","1":"product","2":"type-product","3":"status-publish","4":"has-post-thumbnail","6":"product_cat-mens-jacket","7":"product_tag-mens-navy-bomber-jacket-manufacturer-casual-style-jacket","9":"first","10":"instock","11":"shipping-taxable","12":"product-type-simple"},"_links":{"self":[{"href":"https:\/\/cciola-fashion.com\/es\/wp-json\/wp\/v2\/product\/3993","targetHints":{"allow":["GET"]}}],"collection":[{"href":"https:\/\/cciola-fashion.com\/es\/wp-json\/wp\/v2\/product"}],"about":[{"href":"https:\/\/cciola-fashion.com\/es\/wp-json\/wp\/v2\/types\/product"}],"version-history":[{"count":1,"href":"https:\/\/cciola-fashion.com\/es\/wp-json\/wp\/v2\/product\/3993\/revisions"}],"predecessor-version":[{"id":4125,"href":"https:\/\/cciola-fashion.com\/es\/wp-json\/wp\/v2\/product\/3993\/revisions\/4125"}],"wp:featuredmedia":[{"embeddable":true,"href":"https:\/\/cciola-fashion.com\/es\/wp-json\/wp\/v2\/media\/4123"}],"wp:attachment":[{"href":"https:\/\/cciola-fashion.com\/es\/wp-json\/wp\/v2\/media?parent=3993"}],"wp:term":[{"taxonomy":"product_brand","embeddable":true,"href":"https:\/\/cciola-fashion.com\/es\/wp-json\/wp\/v2\/product_brand?post=3993"},{"taxonomy":"product_cat","embeddable":true,"href":"https:\/\/cciola-fashion.com\/es\/wp-json\/wp\/v2\/product_cat?post=3993"},{"taxonomy":"product_tag","embeddable":true,"href":"https:\/\/cciola-fashion.com\/es\/wp-json\/wp\/v2\/product_tag?post=3993"}],"curies":[{"name":"wp","href":"https:\/\/api.w.org\/{rel}","templated":true}]}}