{"id":3992,"date":"2025-05-09T16:59:28","date_gmt":"2025-05-09T08:59:28","guid":{"rendered":"https:\/\/cciola-fashion.com\/product\/yellow-splatter-paint-jacket-manufacturer-with-hooded\/"},"modified":"2025-05-27T11:13:09","modified_gmt":"2025-05-27T03:13:09","slug":"yellow-splatter-paint-jacket-manufacturer-with-hooded","status":"publish","type":"product","link":"https:\/\/cciola-fashion.com\/es\/yellow-splatter-paint-jacket-manufacturer-with-hooded.html","title":{"rendered":"Chaqueta con capucha y salpicaduras de pintura amarilla"},"content":{"rendered":"<p>La chaqueta tiene un dise\u00f1o de dobladillo el\u00e1stico en el dobladillo inferior y los pu\u00f1os, con cintas el\u00e1sticas incorporadas para crear un efecto plisado y evitar que entre el viento fr\u00edo; el centro delantero y los bolsillos est\u00e1n cerrados con cremalleras de nailon y tienen correas como presillas de cremallera.<\/p>","protected":false},"excerpt":{"rendered":"<p>Esta chaqueta deportiva amarilla es de un color brillante y atrevido, con un dise\u00f1o laminado en todas partes, lo que la hace impermeable y a prueba de viento, y muy pr\u00e1ctica.<\/p>","protected":false},"featured_media":4184,"template":"","meta":[],"product_brand":[],"product_cat":[170],"product_tag":[205,206,207,208],"class_list":{"0":"post-3992","1":"product","2":"type-product","3":"status-publish","4":"has-post-thumbnail","6":"product_cat-mens-jacket","7":"product_tag-yellow-splatter-paint-jacket-manufacturer-with-hooded","8":"product_tag-china-yellow-splatter-paint-jacket-manufacturer-with-hooded-manufacturers","9":"product_tag-suppliers","10":"product_tag-factory","12":"first","13":"instock","14":"shipping-taxable","15":"product-type-simple"},"_links":{"self":[{"href":"https:\/\/cciola-fashion.com\/es\/wp-json\/wp\/v2\/product\/3992","targetHints":{"allow":["GET"]}}],"collection":[{"href":"https:\/\/cciola-fashion.com\/es\/wp-json\/wp\/v2\/product"}],"about":[{"href":"https:\/\/cciola-fashion.com\/es\/wp-json\/wp\/v2\/types\/product"}],"version-history":[{"count":1,"href":"https:\/\/cciola-fashion.com\/es\/wp-json\/wp\/v2\/product\/3992\/revisions"}],"predecessor-version":[{"id":4186,"href":"https:\/\/cciola-fashion.com\/es\/wp-json\/wp\/v2\/product\/3992\/revisions\/4186"}],"wp:featuredmedia":[{"embeddable":true,"href":"https:\/\/cciola-fashion.com\/es\/wp-json\/wp\/v2\/media\/4184"}],"wp:attachment":[{"href":"https:\/\/cciola-fashion.com\/es\/wp-json\/wp\/v2\/media?parent=3992"}],"wp:term":[{"taxonomy":"product_brand","embeddable":true,"href":"https:\/\/cciola-fashion.com\/es\/wp-json\/wp\/v2\/product_brand?post=3992"},{"taxonomy":"product_cat","embeddable":true,"href":"https:\/\/cciola-fashion.com\/es\/wp-json\/wp\/v2\/product_cat?post=3992"},{"taxonomy":"product_tag","embeddable":true,"href":"https:\/\/cciola-fashion.com\/es\/wp-json\/wp\/v2\/product_tag?post=3992"}],"curies":[{"name":"wp","href":"https:\/\/api.w.org\/{rel}","templated":true}]}}