{"id":3991,"date":"2025-05-09T16:59:28","date_gmt":"2025-05-09T08:59:28","guid":{"rendered":"https:\/\/cciola-fashion.com\/product\/mens-lightweight-windbreaker-jacket-with-hooded\/"},"modified":"2025-05-27T11:15:00","modified_gmt":"2025-05-27T03:15:00","slug":"mens-lightweight-windbreaker-jacket-with-hooded","status":"publish","type":"product","link":"https:\/\/cciola-fashion.com\/es\/mens-lightweight-windbreaker-jacket-with-hooded.html","title":{"rendered":"Chaqueta cortavientos ligera con capucha para hombre"},"content":{"rendered":"<p>Los pu\u00f1os son acanalados del mismo color, las cintas el\u00e1sticas est\u00e1n fijadas a ambos lados del dobladillo y la capucha tiene un dise\u00f1o de cord\u00f3n; las mangas est\u00e1n completamente impresas con el logotipo de la marca.<\/p>","protected":false},"excerpt":{"rendered":"<p>Esta prenda es una chaqueta de patchwork multicolor, compuesta principalmente por rojo, blanco y azul marino oscuro. Tiene un buen rendimiento impermeable y es ideal para actividades al aire libre o deportes. Bloquea eficazmente la lluvia y la humedad, manteniendo al usuario seco y c\u00f3modo.<\/p>","protected":false},"featured_media":4181,"template":"","meta":[],"product_brand":[],"product_cat":[170],"product_tag":[203,204],"class_list":{"0":"post-3991","1":"product","2":"type-product","3":"status-publish","4":"has-post-thumbnail","6":"product_cat-mens-jacket","7":"product_tag-mens-lightweight-windbreaker-jacket-with-hooded","8":"product_tag-china-mens-lightweight-windbreaker-jacket-with-hooded-manufacturers","10":"first","11":"instock","12":"shipping-taxable","13":"product-type-simple"},"_links":{"self":[{"href":"https:\/\/cciola-fashion.com\/es\/wp-json\/wp\/v2\/product\/3991","targetHints":{"allow":["GET"]}}],"collection":[{"href":"https:\/\/cciola-fashion.com\/es\/wp-json\/wp\/v2\/product"}],"about":[{"href":"https:\/\/cciola-fashion.com\/es\/wp-json\/wp\/v2\/types\/product"}],"version-history":[{"count":1,"href":"https:\/\/cciola-fashion.com\/es\/wp-json\/wp\/v2\/product\/3991\/revisions"}],"predecessor-version":[{"id":4187,"href":"https:\/\/cciola-fashion.com\/es\/wp-json\/wp\/v2\/product\/3991\/revisions\/4187"}],"wp:featuredmedia":[{"embeddable":true,"href":"https:\/\/cciola-fashion.com\/es\/wp-json\/wp\/v2\/media\/4181"}],"wp:attachment":[{"href":"https:\/\/cciola-fashion.com\/es\/wp-json\/wp\/v2\/media?parent=3991"}],"wp:term":[{"taxonomy":"product_brand","embeddable":true,"href":"https:\/\/cciola-fashion.com\/es\/wp-json\/wp\/v2\/product_brand?post=3991"},{"taxonomy":"product_cat","embeddable":true,"href":"https:\/\/cciola-fashion.com\/es\/wp-json\/wp\/v2\/product_cat?post=3991"},{"taxonomy":"product_tag","embeddable":true,"href":"https:\/\/cciola-fashion.com\/es\/wp-json\/wp\/v2\/product_tag?post=3991"}],"curies":[{"name":"wp","href":"https:\/\/api.w.org\/{rel}","templated":true}]}}