{"id":3990,"date":"2025-05-09T16:59:28","date_gmt":"2025-05-09T08:59:28","guid":{"rendered":"https:\/\/cciola-fashion.com\/product\/wholesales-blue-and-white-windbreaker-jacket-manufacturers\/"},"modified":"2025-05-27T11:19:56","modified_gmt":"2025-05-27T03:19:56","slug":"wholesales-blue-and-white-windbreaker-jacket-manufacturers","status":"publish","type":"product","link":"https:\/\/cciola-fashion.com\/es\/wholesales-blue-and-white-windbreaker-jacket-manufacturers.html","title":{"rendered":"Fabricantes mayoristas de chaquetas cortavientos azules y rojas"},"content":{"rendered":"<p>Este cortavientos presenta un dise\u00f1o de costuras en color contrastante y se puede usar como jersey, ideal para ocasiones deportivas informales. Esta chaqueta deportiva se ha convertido en la opci\u00f3n ideal para ocasiones informales y deportivas gracias a su combinaci\u00f3n de colores \u00fanica, su pr\u00e1ctico dise\u00f1o con detalles y su estilo sencillo y elegante. Cuenta con cuello alto, pu\u00f1os y dobladillo con bandas el\u00e1sticas integradas, y cremallera impermeable en la parte central delantera.<\/p>","protected":false},"excerpt":{"rendered":"<p>Esta es una chaqueta cortavientos. Ofrecemos servicio OEM. Cantidad m\u00ednima de pedido: 500 unidades.<\/p>","protected":false},"featured_media":4189,"template":"","meta":[],"product_brand":[],"product_cat":[170],"product_tag":[202],"class_list":{"0":"post-3990","1":"product","2":"type-product","3":"status-publish","4":"has-post-thumbnail","6":"product_cat-mens-jacket","7":"product_tag-wholesales-blue-and-white-windbreaker-jacket-manufacturers","9":"first","10":"instock","11":"shipping-taxable","12":"product-type-simple"},"_links":{"self":[{"href":"https:\/\/cciola-fashion.com\/es\/wp-json\/wp\/v2\/product\/3990","targetHints":{"allow":["GET"]}}],"collection":[{"href":"https:\/\/cciola-fashion.com\/es\/wp-json\/wp\/v2\/product"}],"about":[{"href":"https:\/\/cciola-fashion.com\/es\/wp-json\/wp\/v2\/types\/product"}],"version-history":[{"count":3,"href":"https:\/\/cciola-fashion.com\/es\/wp-json\/wp\/v2\/product\/3990\/revisions"}],"predecessor-version":[{"id":4191,"href":"https:\/\/cciola-fashion.com\/es\/wp-json\/wp\/v2\/product\/3990\/revisions\/4191"}],"wp:featuredmedia":[{"embeddable":true,"href":"https:\/\/cciola-fashion.com\/es\/wp-json\/wp\/v2\/media\/4189"}],"wp:attachment":[{"href":"https:\/\/cciola-fashion.com\/es\/wp-json\/wp\/v2\/media?parent=3990"}],"wp:term":[{"taxonomy":"product_brand","embeddable":true,"href":"https:\/\/cciola-fashion.com\/es\/wp-json\/wp\/v2\/product_brand?post=3990"},{"taxonomy":"product_cat","embeddable":true,"href":"https:\/\/cciola-fashion.com\/es\/wp-json\/wp\/v2\/product_cat?post=3990"},{"taxonomy":"product_tag","embeddable":true,"href":"https:\/\/cciola-fashion.com\/es\/wp-json\/wp\/v2\/product_tag?post=3990"}],"curies":[{"name":"wp","href":"https:\/\/api.w.org\/{rel}","templated":true}]}}