{"id":3987,"date":"2025-05-09T16:59:28","date_gmt":"2025-05-09T08:59:28","guid":{"rendered":"https:\/\/cciola-fashion.com\/product\/navy-blue-puffer-jacket-mens-colorblock-manufacturer\/"},"modified":"2025-05-27T10:58:50","modified_gmt":"2025-05-27T02:58:50","slug":"navy-blue-puffer-jacket-mens-colorblock-manufacturer","status":"publish","type":"product","link":"https:\/\/cciola-fashion.com\/es\/navy-blue-puffer-jacket-mens-colorblock-manufacturer.html","title":{"rendered":"Chaqueta acolchada azul marino para hombre con bloques de color. Fabricante."},"content":{"rendered":"<p>Los bolsillos de la chaqueta est\u00e1n hechos de tela azul y tienen dos aberturas, una solapa y una abertura lateral; la capucha de la chaqueta se cierra con velcro para proteger eficazmente contra el viento fr\u00edo.<\/p>","protected":false},"excerpt":{"rendered":"<p>Confeccionada en poli\u00e9ster con corte regular, esta elegante chaqueta presenta mangas largas, cuello con capucha y bolsillos de ojal. Ll\u00e9vala sobre una camiseta lisa y compl\u00e9tala con pantalones ajustados.<\/p>","protected":false},"featured_media":4172,"template":"","meta":[],"product_brand":[],"product_cat":[169],"product_tag":[195,196],"class_list":{"0":"post-3987","1":"product","2":"type-product","3":"status-publish","4":"has-post-thumbnail","6":"product_cat-mens-padded-jacket","7":"product_tag-navy-blue-puffer-jacket-mens-colorblock-manufacturer","8":"product_tag-china-navy-blue-puffer-jacket-mens-colorblock-manufacturer","10":"first","11":"instock","12":"shipping-taxable","13":"product-type-simple"},"_links":{"self":[{"href":"https:\/\/cciola-fashion.com\/es\/wp-json\/wp\/v2\/product\/3987","targetHints":{"allow":["GET"]}}],"collection":[{"href":"https:\/\/cciola-fashion.com\/es\/wp-json\/wp\/v2\/product"}],"about":[{"href":"https:\/\/cciola-fashion.com\/es\/wp-json\/wp\/v2\/types\/product"}],"version-history":[{"count":1,"href":"https:\/\/cciola-fashion.com\/es\/wp-json\/wp\/v2\/product\/3987\/revisions"}],"predecessor-version":[{"id":4174,"href":"https:\/\/cciola-fashion.com\/es\/wp-json\/wp\/v2\/product\/3987\/revisions\/4174"}],"wp:featuredmedia":[{"embeddable":true,"href":"https:\/\/cciola-fashion.com\/es\/wp-json\/wp\/v2\/media\/4172"}],"wp:attachment":[{"href":"https:\/\/cciola-fashion.com\/es\/wp-json\/wp\/v2\/media?parent=3987"}],"wp:term":[{"taxonomy":"product_brand","embeddable":true,"href":"https:\/\/cciola-fashion.com\/es\/wp-json\/wp\/v2\/product_brand?post=3987"},{"taxonomy":"product_cat","embeddable":true,"href":"https:\/\/cciola-fashion.com\/es\/wp-json\/wp\/v2\/product_cat?post=3987"},{"taxonomy":"product_tag","embeddable":true,"href":"https:\/\/cciola-fashion.com\/es\/wp-json\/wp\/v2\/product_tag?post=3987"}],"curies":[{"name":"wp","href":"https:\/\/api.w.org\/{rel}","templated":true}]}}