{"id":3986,"date":"2025-05-09T16:59:28","date_gmt":"2025-05-09T08:59:28","guid":{"rendered":"https:\/\/cciola-fashion.com\/product\/dark-navy-padded-jacket-mens-manufacturer-with-hooded\/"},"modified":"2025-05-27T10:52:20","modified_gmt":"2025-05-27T02:52:20","slug":"dark-navy-padded-jacket-mens-manufacturer-with-hooded","status":"publish","type":"product","link":"https:\/\/cciola-fashion.com\/es\/dark-navy-padded-jacket-mens-manufacturer-with-hooded.html","title":{"rendered":"Chaqueta acolchada azul marino oscuro para hombre con capucha"},"content":{"rendered":"<p>La cremallera central delantera Vislon est\u00e1 cerrada con un dise\u00f1o de toothop, lo que hace que sea m\u00e1s f\u00e1cil de poner y quitar; los bolsillos en ambos lados de la chaqueta est\u00e1n cerrados con cremalleras ocultas y la tela del bolsillo est\u00e1 hecha de la misma tela que el forro; el dobladillo inferior y los pu\u00f1os tienen un dise\u00f1o de borde adicional.<\/p>","protected":false},"excerpt":{"rendered":"<p>Esta chaqueta acolchada azul marino oscuro destaca por su aspecto suave, su dise\u00f1o con capucha, su estilo sencillo y sus materiales y confecci\u00f3n de alta calidad. Es perfecta para el fr\u00edo invierno, manteni\u00e9ndote abrigada y con estilo.<\/p>","protected":false},"featured_media":4169,"template":"","meta":[],"product_brand":[],"product_cat":[169],"product_tag":[194],"class_list":{"0":"post-3986","1":"product","2":"type-product","3":"status-publish","4":"has-post-thumbnail","6":"product_cat-mens-padded-jacket","7":"product_tag-dark-navy-padded-jacket-mens-manufacturer-with-hoodedchina-dark-navy-padded-jacket-mens-manufacturer","9":"first","10":"instock","11":"shipping-taxable","12":"product-type-simple"},"_links":{"self":[{"href":"https:\/\/cciola-fashion.com\/es\/wp-json\/wp\/v2\/product\/3986","targetHints":{"allow":["GET"]}}],"collection":[{"href":"https:\/\/cciola-fashion.com\/es\/wp-json\/wp\/v2\/product"}],"about":[{"href":"https:\/\/cciola-fashion.com\/es\/wp-json\/wp\/v2\/types\/product"}],"version-history":[{"count":1,"href":"https:\/\/cciola-fashion.com\/es\/wp-json\/wp\/v2\/product\/3986\/revisions"}],"predecessor-version":[{"id":4171,"href":"https:\/\/cciola-fashion.com\/es\/wp-json\/wp\/v2\/product\/3986\/revisions\/4171"}],"wp:featuredmedia":[{"embeddable":true,"href":"https:\/\/cciola-fashion.com\/es\/wp-json\/wp\/v2\/media\/4169"}],"wp:attachment":[{"href":"https:\/\/cciola-fashion.com\/es\/wp-json\/wp\/v2\/media?parent=3986"}],"wp:term":[{"taxonomy":"product_brand","embeddable":true,"href":"https:\/\/cciola-fashion.com\/es\/wp-json\/wp\/v2\/product_brand?post=3986"},{"taxonomy":"product_cat","embeddable":true,"href":"https:\/\/cciola-fashion.com\/es\/wp-json\/wp\/v2\/product_cat?post=3986"},{"taxonomy":"product_tag","embeddable":true,"href":"https:\/\/cciola-fashion.com\/es\/wp-json\/wp\/v2\/product_tag?post=3986"}],"curies":[{"name":"wp","href":"https:\/\/api.w.org\/{rel}","templated":true}]}}