{"id":3985,"date":"2025-05-09T16:59:28","date_gmt":"2025-05-09T08:59:28","guid":{"rendered":"https:\/\/cciola-fashion.com\/product\/puffer-vest-unisex-manufacturer-fluorescent-yellow-vest\/"},"modified":"2025-05-26T18:22:32","modified_gmt":"2025-05-26T10:22:32","slug":"puffer-vest-unisex-manufacturer-fluorescent-yellow-vest","status":"publish","type":"product","link":"https:\/\/cciola-fashion.com\/es\/puffer-vest-unisex-manufacturer-fluorescent-yellow-vest.html","title":{"rendered":"Chaleco acolchado unisex amarillo fluorescente del fabricante"},"content":{"rendered":"<p>La chaqueta tiene cierres de cremallera Vislon en el centro delantero y bolsillos laterales, un tirador con bloques de color en el centro delantero y bandas el\u00e1sticas negras en las sisas y el cuello.<\/p>","protected":false},"excerpt":{"rendered":"<p>Este chaleco acolchado amarillo brillante est\u00e1 fabricado con telas y rellenos de alta calidad. Es c\u00e1lido y presenta una elegante combinaci\u00f3n de colores. Es ideal para el invierno.<\/p>","protected":false},"featured_media":4163,"template":"","meta":[],"product_brand":[],"product_cat":[169],"product_tag":[192,193],"class_list":{"0":"post-3985","1":"product","2":"type-product","3":"status-publish","4":"has-post-thumbnail","6":"product_cat-mens-padded-jacket","7":"product_tag-solid-color-short-jacket","8":"product_tag-china-puffer-vest-unisex-manufacturer","10":"first","11":"instock","12":"shipping-taxable","13":"product-type-simple"},"_links":{"self":[{"href":"https:\/\/cciola-fashion.com\/es\/wp-json\/wp\/v2\/product\/3985","targetHints":{"allow":["GET"]}}],"collection":[{"href":"https:\/\/cciola-fashion.com\/es\/wp-json\/wp\/v2\/product"}],"about":[{"href":"https:\/\/cciola-fashion.com\/es\/wp-json\/wp\/v2\/types\/product"}],"version-history":[{"count":1,"href":"https:\/\/cciola-fashion.com\/es\/wp-json\/wp\/v2\/product\/3985\/revisions"}],"predecessor-version":[{"id":4165,"href":"https:\/\/cciola-fashion.com\/es\/wp-json\/wp\/v2\/product\/3985\/revisions\/4165"}],"wp:featuredmedia":[{"embeddable":true,"href":"https:\/\/cciola-fashion.com\/es\/wp-json\/wp\/v2\/media\/4163"}],"wp:attachment":[{"href":"https:\/\/cciola-fashion.com\/es\/wp-json\/wp\/v2\/media?parent=3985"}],"wp:term":[{"taxonomy":"product_brand","embeddable":true,"href":"https:\/\/cciola-fashion.com\/es\/wp-json\/wp\/v2\/product_brand?post=3985"},{"taxonomy":"product_cat","embeddable":true,"href":"https:\/\/cciola-fashion.com\/es\/wp-json\/wp\/v2\/product_cat?post=3985"},{"taxonomy":"product_tag","embeddable":true,"href":"https:\/\/cciola-fashion.com\/es\/wp-json\/wp\/v2\/product_tag?post=3985"}],"curies":[{"name":"wp","href":"https:\/\/api.w.org\/{rel}","templated":true}]}}