{"id":3984,"date":"2025-05-09T16:59:28","date_gmt":"2025-05-09T08:59:28","guid":{"rendered":"https:\/\/cciola-fashion.com\/product\/mens-ski-jacket-manufacturer-quilted-ripstop-snow-jacket\/"},"modified":"2025-05-09T16:59:28","modified_gmt":"2025-05-09T08:59:28","slug":"mens-ski-jacket-manufacturer-quilted-ripstop-snow-jacket","status":"publish","type":"product","link":"https:\/\/cciola-fashion.com\/es\/mens-ski-jacket-manufacturer-quilted-ripstop-snow-jacket.html","title":{"rendered":"Chaqueta de esqu\u00ed para hombre, acolchada y antidesgarro, para nieve."},"content":{"rendered":"<p>Las cremalleras del centro delantero y del dobladillo son impermeables; las cremalleras de los bolsillos interiores son cremalleras invisibles.<\/p>\n<p>El escote tiene un dise\u00f1o de cord\u00f3n y se fija con un dispositivo de cord\u00f3n; las mangas est\u00e1n acanaladas para protegerse del viento y el fr\u00edo.<\/p>","protected":false},"excerpt":{"rendered":"<p>La chaqueta est\u00e1 confeccionada con tejido impermeable y cortavientos de alta calidad, ideal para aventuras al aire libre. El cuello es de franela, que se ajusta al cuello y es muy c\u00e1lido. El forro de la chaqueta est\u00e1 densamente acolchado y mantiene el calor eficazmente.<\/p>","protected":false},"featured_media":0,"template":"","meta":[],"product_brand":[],"product_cat":[169],"product_tag":[191],"class_list":{"0":"post-3984","1":"product","2":"type-product","3":"status-publish","5":"product_cat-mens-padded-jacket","6":"product_tag-mens-ski-jacket-manufacturer-quilted-ripstop-snow-jacket","8":"first","9":"instock","10":"shipping-taxable","11":"product-type-simple"},"_links":{"self":[{"href":"https:\/\/cciola-fashion.com\/es\/wp-json\/wp\/v2\/product\/3984","targetHints":{"allow":["GET"]}}],"collection":[{"href":"https:\/\/cciola-fashion.com\/es\/wp-json\/wp\/v2\/product"}],"about":[{"href":"https:\/\/cciola-fashion.com\/es\/wp-json\/wp\/v2\/types\/product"}],"version-history":[{"count":0,"href":"https:\/\/cciola-fashion.com\/es\/wp-json\/wp\/v2\/product\/3984\/revisions"}],"wp:attachment":[{"href":"https:\/\/cciola-fashion.com\/es\/wp-json\/wp\/v2\/media?parent=3984"}],"wp:term":[{"taxonomy":"product_brand","embeddable":true,"href":"https:\/\/cciola-fashion.com\/es\/wp-json\/wp\/v2\/product_brand?post=3984"},{"taxonomy":"product_cat","embeddable":true,"href":"https:\/\/cciola-fashion.com\/es\/wp-json\/wp\/v2\/product_cat?post=3984"},{"taxonomy":"product_tag","embeddable":true,"href":"https:\/\/cciola-fashion.com\/es\/wp-json\/wp\/v2\/product_tag?post=3984"}],"curies":[{"name":"wp","href":"https:\/\/api.w.org\/{rel}","templated":true}]}}